{"id":5219,"date":"2023-04-28T06:47:08","date_gmt":"2023-04-28T06:47:08","guid":{"rendered":"https:\/\/www.iks-fenster.hr\/eu-mittel\/"},"modified":"2024-09-10T10:52:28","modified_gmt":"2024-09-10T10:52:28","slug":"eu-mittel","status":"publish","type":"page","link":"https:\/\/www.iks-fenster.hr\/de\/eu-mittel\/","title":{"rendered":"EU-Mittel"},"content":{"rendered":"\t\t<div data-elementor-type=\"wp-page\" data-elementor-id=\"5219\" class=\"elementor elementor-5219 elementor-3378\" data-elementor-post-type=\"page\">\n\t\t\t\t\t\t<section class=\"elementor-section elementor-top-section elementor-element elementor-element-5b9d7cb elementor-section-height-min-height elementor-section-full_width elementor-section-items-bottom elementor-section-content-bottom elementor-section-height-default\" data-id=\"5b9d7cb\" data-element_type=\"section\" data-settings=\"{&quot;background_background&quot;:&quot;classic&quot;}\">\n\t\t\t\t\t\t<div class=\"elementor-container elementor-column-gap-default\">\n\t\t\t\t\t<div class=\"elementor-column elementor-col-50 elementor-top-column elementor-element elementor-element-7b50fdf\" data-id=\"7b50fdf\" data-element_type=\"column\">\n\t\t\t<div class=\"elementor-widget-wrap\">\n\t\t\t\t\t\t\t<\/div>\n\t\t<\/div>\n\t\t\t\t<div class=\"elementor-column elementor-col-50 elementor-top-column elementor-element elementor-element-17e7a66 elementor-invisible\" data-id=\"17e7a66\" data-element_type=\"column\" data-settings=\"{&quot;background_background&quot;:&quot;classic&quot;,&quot;animation&quot;:&quot;slideInRight&quot;}\">\n\t\t\t<div class=\"elementor-widget-wrap elementor-element-populated\">\n\t\t\t\t\t\t<div class=\"elementor-element elementor-element-c96f060 elementor-widget elementor-widget-heading\" data-id=\"c96f060\" data-element_type=\"widget\" data-widget_type=\"heading.default\">\n\t\t\t\t<div class=\"elementor-widget-container\">\n\t\t\t\t\t<h1 class=\"elementor-heading-title elementor-size-default\">EU-FONDS<\/h1>\t\t\t\t<\/div>\n\t\t\t\t<\/div>\n\t\t\t\t\t<\/div>\n\t\t<\/div>\n\t\t\t\t\t<\/div>\n\t\t<\/section>\n\t\t\t\t<section class=\"elementor-section elementor-top-section elementor-element elementor-element-e5833bf elementor-section-full_width elementor-section-height-default elementor-section-height-default\" data-id=\"e5833bf\" data-element_type=\"section\">\n\t\t\t\t\t\t<div class=\"elementor-container elementor-column-gap-default\">\n\t\t\t\t\t\t<\/div>\n\t\t<\/section>\n\t\t<div class=\"elementor-element elementor-element-3ea95d4 e-flex e-con-boxed e-con e-parent\" data-id=\"3ea95d4\" data-element_type=\"container\">\n\t\t\t\t\t<div class=\"e-con-inner\">\n\t\t\t\t<div class=\"elementor-element elementor-element-67860d9 elementor-widget elementor-widget-heading\" data-id=\"67860d9\" data-element_type=\"widget\" data-widget_type=\"heading.default\">\n\t\t\t\t<div class=\"elementor-widget-container\">\n\t\t\t\t\t<h2 class=\"elementor-heading-title elementor-size-default\">Gef\u00f6rdert durch die Europ\u00e4ische Union<\/h2>\t\t\t\t<\/div>\n\t\t\t\t<\/div>\n\t\t\t\t<div class=\"elementor-element elementor-element-303b84f elementor-widget elementor-widget-heading\" data-id=\"303b84f\" data-element_type=\"widget\" data-widget_type=\"heading.default\">\n\t\t\t\t<div class=\"elementor-widget-container\">\n\t\t\t\t\t<h3 class=\"elementor-heading-title elementor-size-default\"><strong>Name des Projekts:<\/strong><br> \u201eSteigerung der Energieeffizienz und Nutzung erneuerbarer Energiequellen bei IKS Fenster doo\u201c<\/h3>\t\t\t\t<\/div>\n\t\t\t\t<\/div>\n\t\t\t\t<div class=\"elementor-element elementor-element-64dcbc2 elementor-widget elementor-widget-text-editor\" data-id=\"64dcbc2\" data-element_type=\"widget\" data-widget_type=\"text-editor.default\">\n\t\t\t\t<div class=\"elementor-widget-container\">\n\t\t\t\t\t\t\t\t\t<p><\/p>\n<p><b>Projektbeschreibung:<br><\/b> Energieeffizienzma\u00dfnahmen und die Installation von Anlagen zur Nutzung erneuerbarer Energiequellen in der Produktionsanlage sowie die mit der Produktionsanlage verbundenen Ma\u00dfnahmen zur energetischen Sanierung der Stadt erh\u00f6hen den Anteil erneuerbarer Energie am Bruttoendverbrauch der Projekteinheit um 101.740 kWh\/Jahr. und eine Energieeinsparung von 259.871 kWh\/Jahr, die der Projekteinheit zugef\u00fchrt wird. Dadurch reduziert sich die Menge der gelieferten Energie in der Projekteinheit um 72,74 %. Ziele und erwartete Ergebnisse des Projekts: Die Ziele des Projekts bestehen darin, die gelieferte Energie einzusparen und den Anteil erneuerbarer Energie im Endverbrauch der Projekteinheit zu erh\u00f6hen.   <\/p>\n<p><b>Gesamtwert des Projekts:<\/b><br> 5.763.442,54 HRK<\/p>\n<p><b>EU-Kofinanzierung des Projekts:<\/b><br> 3.396.263,32 HRK<\/p>\n<p><b>Projektdurchf\u00fchrungszeitraum:<\/b><br> 18.08.2020. &#8211; 31.12.2022. <\/p>\n<p>Ansprechpartner f\u00fcr weitere Informationen:&nbsp; Ante Pavi\u0107<\/p>\n<p>Die ge\u00e4u\u00dferten Ansichten und Meinungen sind ausschlie\u00dflich die des Autors und spiegeln nicht unbedingt die offiziellen Ansichten der Europ\u00e4ischen Union oder der Europ\u00e4ischen Kommission wider. Weder die Europ\u00e4ische Union noch die Europ\u00e4ische Kommission k\u00f6nnen das<br> f\u00fcr sie verantwortlich gemacht werden. <\/p>\t\t\t\t\t\t\t\t<\/div>\n\t\t\t\t<\/div>\n\t\t\t\t<div class=\"elementor-element elementor-element-47e097f elementor-widget elementor-widget-image\" data-id=\"47e097f\" data-element_type=\"widget\" data-widget_type=\"image.default\">\n\t\t\t\t<div class=\"elementor-widget-container\">\n\t\t\t\t\t\t\t\t\t\t\t\t\t\t\t\t<a href=\"http:\/\/strukturnifondovi.hr\" target=\"_blank\">\n\t\t\t\t\t\t\t<img fetchpriority=\"high\" decoding=\"async\" width=\"800\" height=\"156\" src=\"https:\/\/www.iks-fenster.hr\/wp-content\/uploads\/2023\/07\/EU-fondovi-1024x200.jpg\" class=\"attachment-large size-large wp-image-5155\" alt=\"\" srcset=\"https:\/\/www.iks-fenster.hr\/wp-content\/uploads\/2023\/07\/EU-fondovi-1024x200.jpg 1024w, https:\/\/www.iks-fenster.hr\/wp-content\/uploads\/2023\/07\/EU-fondovi-300x59.jpg 300w, https:\/\/www.iks-fenster.hr\/wp-content\/uploads\/2023\/07\/EU-fondovi-768x150.jpg 768w, https:\/\/www.iks-fenster.hr\/wp-content\/uploads\/2023\/07\/EU-fondovi.jpg 1280w\" sizes=\"(max-width: 800px) 100vw, 800px\" \/>\t\t\t\t\t\t\t\t<\/a>\n\t\t\t\t\t\t\t\t\t\t\t\t\t\t\t<\/div>\n\t\t\t\t<\/div>\n\t\t\t\t\t<\/div>\n\t\t\t\t<\/div>\n\t\t\t\t<\/div>\n\t\t","protected":false},"excerpt":{"rendered":"<p>EU-FONDS Gef\u00f6rdert durch die Europ\u00e4ische Union Name des Projekts: \u201eSteigerung der Energieeffizienz und Nutzung erneuerbarer Energiequellen bei IKS Fenster doo\u201c Projektbeschreibung: Energieeffizienzma\u00dfnahmen und die Installation von Anlagen zur Nutzung erneuerbarer Energiequellen in der Produktionsanlage sowie die mit der Produktionsanlage verbundenen Ma\u00dfnahmen zur energetischen Sanierung der Stadt erh\u00f6hen den Anteil erneuerbarer Energie am Bruttoendverbrauch der Projekteinheit [&hellip;]<\/p>\n","protected":false},"author":1,"featured_media":0,"parent":0,"menu_order":0,"comment_status":"closed","ping_status":"closed","template":"","meta":{"_acf_changed":false,"footnotes":""},"class_list":["post-5219","page","type-page","status-publish","hentry"],"acf":[],"yoast_head":"<!-- This site is optimized with the Yoast SEO plugin v26.7 - https:\/\/yoast.com\/wordpress\/plugins\/seo\/ -->\n<title>EU-Mittel - IKS Fenster<\/title>\n<meta name=\"robots\" content=\"index, follow, max-snippet:-1, max-image-preview:large, max-video-preview:-1\" \/>\n<link rel=\"canonical\" href=\"https:\/\/www.iks-fenster.hr\/de\/eu-mittel\/\" \/>\n<meta property=\"og:locale\" content=\"de_DE\" \/>\n<meta property=\"og:type\" content=\"article\" \/>\n<meta property=\"og:title\" content=\"EU-Mittel - IKS Fenster\" \/>\n<meta property=\"og:description\" content=\"EU-FONDS Gef\u00f6rdert durch die Europ\u00e4ische Union Name des Projekts: \u201eSteigerung der Energieeffizienz und Nutzung erneuerbarer Energiequellen bei IKS Fenster doo\u201c Projektbeschreibung: Energieeffizienzma\u00dfnahmen und die Installation von Anlagen zur Nutzung erneuerbarer Energiequellen in der Produktionsanlage sowie die mit der Produktionsanlage verbundenen Ma\u00dfnahmen zur energetischen Sanierung der Stadt erh\u00f6hen den Anteil erneuerbarer Energie am Bruttoendverbrauch der Projekteinheit [&hellip;]\" \/>\n<meta property=\"og:url\" content=\"https:\/\/www.iks-fenster.hr\/de\/eu-mittel\/\" \/>\n<meta property=\"og:site_name\" content=\"IKS Fenster\" \/>\n<meta property=\"article:modified_time\" content=\"2024-09-10T10:52:28+00:00\" \/>\n<meta property=\"og:image\" content=\"https:\/\/www.iks-fenster.hr\/wp-content\/uploads\/2023\/07\/EU-fondovi-1024x200.jpg\" \/>\n<meta name=\"twitter:card\" content=\"summary_large_image\" \/>\n<meta name=\"twitter:label1\" content=\"Gesch\u00e4tzte Lesezeit\" \/>\n\t<meta name=\"twitter:data1\" content=\"1\u00a0Minute\" \/>\n<script type=\"application\/ld+json\" class=\"yoast-schema-graph\">{\"@context\":\"https:\/\/schema.org\",\"@graph\":[{\"@type\":\"WebPage\",\"@id\":\"https:\/\/www.iks-fenster.hr\/de\/eu-mittel\/\",\"url\":\"https:\/\/www.iks-fenster.hr\/de\/eu-mittel\/\",\"name\":\"EU-Mittel - IKS Fenster\",\"isPartOf\":{\"@id\":\"https:\/\/www.iks-fenster.hr\/de\/#website\"},\"primaryImageOfPage\":{\"@id\":\"https:\/\/www.iks-fenster.hr\/de\/eu-mittel\/#primaryimage\"},\"image\":{\"@id\":\"https:\/\/www.iks-fenster.hr\/de\/eu-mittel\/#primaryimage\"},\"thumbnailUrl\":\"https:\/\/www.iks-fenster.hr\/wp-content\/uploads\/2023\/07\/EU-fondovi-1024x200.jpg\",\"datePublished\":\"2023-04-28T06:47:08+00:00\",\"dateModified\":\"2024-09-10T10:52:28+00:00\",\"breadcrumb\":{\"@id\":\"https:\/\/www.iks-fenster.hr\/de\/eu-mittel\/#breadcrumb\"},\"inLanguage\":\"de\",\"potentialAction\":[{\"@type\":\"ReadAction\",\"target\":[\"https:\/\/www.iks-fenster.hr\/de\/eu-mittel\/\"]}]},{\"@type\":\"ImageObject\",\"inLanguage\":\"de\",\"@id\":\"https:\/\/www.iks-fenster.hr\/de\/eu-mittel\/#primaryimage\",\"url\":\"https:\/\/www.iks-fenster.hr\/wp-content\/uploads\/2023\/07\/EU-fondovi-1024x200.jpg\",\"contentUrl\":\"https:\/\/www.iks-fenster.hr\/wp-content\/uploads\/2023\/07\/EU-fondovi-1024x200.jpg\"},{\"@type\":\"BreadcrumbList\",\"@id\":\"https:\/\/www.iks-fenster.hr\/de\/eu-mittel\/#breadcrumb\",\"itemListElement\":[{\"@type\":\"ListItem\",\"position\":1,\"name\":\"Home\",\"item\":\"https:\/\/www.iks-fenster.hr\/de\/startseite\/\"},{\"@type\":\"ListItem\",\"position\":2,\"name\":\"EU-Mittel\"}]},{\"@type\":\"WebSite\",\"@id\":\"https:\/\/www.iks-fenster.hr\/de\/#website\",\"url\":\"https:\/\/www.iks-fenster.hr\/de\/\",\"name\":\"IKS Fenster\",\"description\":\"\",\"publisher\":{\"@id\":\"https:\/\/www.iks-fenster.hr\/de\/#organization\"},\"potentialAction\":[{\"@type\":\"SearchAction\",\"target\":{\"@type\":\"EntryPoint\",\"urlTemplate\":\"https:\/\/www.iks-fenster.hr\/de\/?s={search_term_string}\"},\"query-input\":{\"@type\":\"PropertyValueSpecification\",\"valueRequired\":true,\"valueName\":\"search_term_string\"}}],\"inLanguage\":\"de\"},{\"@type\":\"Organization\",\"@id\":\"https:\/\/www.iks-fenster.hr\/de\/#organization\",\"name\":\"IKS Fenster\",\"url\":\"https:\/\/www.iks-fenster.hr\/de\/\",\"logo\":{\"@type\":\"ImageObject\",\"inLanguage\":\"de\",\"@id\":\"https:\/\/www.iks-fenster.hr\/de\/#\/schema\/logo\/image\/\",\"url\":\"https:\/\/iks-fenster.hr\/wp-content\/uploads\/2021\/03\/IKS-Fenster-Logo.png\",\"contentUrl\":\"https:\/\/iks-fenster.hr\/wp-content\/uploads\/2021\/03\/IKS-Fenster-Logo.png\",\"width\":612,\"height\":236,\"caption\":\"IKS Fenster\"},\"image\":{\"@id\":\"https:\/\/www.iks-fenster.hr\/de\/#\/schema\/logo\/image\/\"}}]}<\/script>\n<!-- \/ Yoast SEO plugin. -->","yoast_head_json":{"title":"EU-Mittel - IKS Fenster","robots":{"index":"index","follow":"follow","max-snippet":"max-snippet:-1","max-image-preview":"max-image-preview:large","max-video-preview":"max-video-preview:-1"},"canonical":"https:\/\/www.iks-fenster.hr\/de\/eu-mittel\/","og_locale":"de_DE","og_type":"article","og_title":"EU-Mittel - IKS Fenster","og_description":"EU-FONDS Gef\u00f6rdert durch die Europ\u00e4ische Union Name des Projekts: \u201eSteigerung der Energieeffizienz und Nutzung erneuerbarer Energiequellen bei IKS Fenster doo\u201c Projektbeschreibung: Energieeffizienzma\u00dfnahmen und die Installation von Anlagen zur Nutzung erneuerbarer Energiequellen in der Produktionsanlage sowie die mit der Produktionsanlage verbundenen Ma\u00dfnahmen zur energetischen Sanierung der Stadt erh\u00f6hen den Anteil erneuerbarer Energie am Bruttoendverbrauch der Projekteinheit [&hellip;]","og_url":"https:\/\/www.iks-fenster.hr\/de\/eu-mittel\/","og_site_name":"IKS Fenster","article_modified_time":"2024-09-10T10:52:28+00:00","og_image":[{"url":"https:\/\/www.iks-fenster.hr\/wp-content\/uploads\/2023\/07\/EU-fondovi-1024x200.jpg","type":"","width":"","height":""}],"twitter_card":"summary_large_image","twitter_misc":{"Gesch\u00e4tzte Lesezeit":"1\u00a0Minute"},"schema":{"@context":"https:\/\/schema.org","@graph":[{"@type":"WebPage","@id":"https:\/\/www.iks-fenster.hr\/de\/eu-mittel\/","url":"https:\/\/www.iks-fenster.hr\/de\/eu-mittel\/","name":"EU-Mittel - IKS Fenster","isPartOf":{"@id":"https:\/\/www.iks-fenster.hr\/de\/#website"},"primaryImageOfPage":{"@id":"https:\/\/www.iks-fenster.hr\/de\/eu-mittel\/#primaryimage"},"image":{"@id":"https:\/\/www.iks-fenster.hr\/de\/eu-mittel\/#primaryimage"},"thumbnailUrl":"https:\/\/www.iks-fenster.hr\/wp-content\/uploads\/2023\/07\/EU-fondovi-1024x200.jpg","datePublished":"2023-04-28T06:47:08+00:00","dateModified":"2024-09-10T10:52:28+00:00","breadcrumb":{"@id":"https:\/\/www.iks-fenster.hr\/de\/eu-mittel\/#breadcrumb"},"inLanguage":"de","potentialAction":[{"@type":"ReadAction","target":["https:\/\/www.iks-fenster.hr\/de\/eu-mittel\/"]}]},{"@type":"ImageObject","inLanguage":"de","@id":"https:\/\/www.iks-fenster.hr\/de\/eu-mittel\/#primaryimage","url":"https:\/\/www.iks-fenster.hr\/wp-content\/uploads\/2023\/07\/EU-fondovi-1024x200.jpg","contentUrl":"https:\/\/www.iks-fenster.hr\/wp-content\/uploads\/2023\/07\/EU-fondovi-1024x200.jpg"},{"@type":"BreadcrumbList","@id":"https:\/\/www.iks-fenster.hr\/de\/eu-mittel\/#breadcrumb","itemListElement":[{"@type":"ListItem","position":1,"name":"Home","item":"https:\/\/www.iks-fenster.hr\/de\/startseite\/"},{"@type":"ListItem","position":2,"name":"EU-Mittel"}]},{"@type":"WebSite","@id":"https:\/\/www.iks-fenster.hr\/de\/#website","url":"https:\/\/www.iks-fenster.hr\/de\/","name":"IKS Fenster","description":"","publisher":{"@id":"https:\/\/www.iks-fenster.hr\/de\/#organization"},"potentialAction":[{"@type":"SearchAction","target":{"@type":"EntryPoint","urlTemplate":"https:\/\/www.iks-fenster.hr\/de\/?s={search_term_string}"},"query-input":{"@type":"PropertyValueSpecification","valueRequired":true,"valueName":"search_term_string"}}],"inLanguage":"de"},{"@type":"Organization","@id":"https:\/\/www.iks-fenster.hr\/de\/#organization","name":"IKS Fenster","url":"https:\/\/www.iks-fenster.hr\/de\/","logo":{"@type":"ImageObject","inLanguage":"de","@id":"https:\/\/www.iks-fenster.hr\/de\/#\/schema\/logo\/image\/","url":"https:\/\/iks-fenster.hr\/wp-content\/uploads\/2021\/03\/IKS-Fenster-Logo.png","contentUrl":"https:\/\/iks-fenster.hr\/wp-content\/uploads\/2021\/03\/IKS-Fenster-Logo.png","width":612,"height":236,"caption":"IKS Fenster"},"image":{"@id":"https:\/\/www.iks-fenster.hr\/de\/#\/schema\/logo\/image\/"}}]}},"_links":{"self":[{"href":"https:\/\/www.iks-fenster.hr\/de\/wp-json\/wp\/v2\/pages\/5219","targetHints":{"allow":["GET"]}}],"collection":[{"href":"https:\/\/www.iks-fenster.hr\/de\/wp-json\/wp\/v2\/pages"}],"about":[{"href":"https:\/\/www.iks-fenster.hr\/de\/wp-json\/wp\/v2\/types\/page"}],"author":[{"embeddable":true,"href":"https:\/\/www.iks-fenster.hr\/de\/wp-json\/wp\/v2\/users\/1"}],"replies":[{"embeddable":true,"href":"https:\/\/www.iks-fenster.hr\/de\/wp-json\/wp\/v2\/comments?post=5219"}],"version-history":[{"count":2,"href":"https:\/\/www.iks-fenster.hr\/de\/wp-json\/wp\/v2\/pages\/5219\/revisions"}],"predecessor-version":[{"id":5221,"href":"https:\/\/www.iks-fenster.hr\/de\/wp-json\/wp\/v2\/pages\/5219\/revisions\/5221"}],"wp:attachment":[{"href":"https:\/\/www.iks-fenster.hr\/de\/wp-json\/wp\/v2\/media?parent=5219"}],"curies":[{"name":"wp","href":"https:\/\/api.w.org\/{rel}","templated":true}]}}