{"id":5231,"date":"2023-04-21T06:46:35","date_gmt":"2023-04-21T06:46:35","guid":{"rendered":"https:\/\/www.iks-fenster.hr\/datenschutz\/"},"modified":"2024-09-10T11:07:19","modified_gmt":"2024-09-10T11:07:19","slug":"datenschutz","status":"publish","type":"page","link":"https:\/\/www.iks-fenster.hr\/de\/datenschutz\/","title":{"rendered":"Datenschutz"},"content":{"rendered":"\t\t<div data-elementor-type=\"wp-page\" data-elementor-id=\"5231\" class=\"elementor elementor-5231 elementor-3184\" data-elementor-post-type=\"page\">\n\t\t\t\t\t\t<section class=\"elementor-section elementor-top-section elementor-element elementor-element-5b9d7cb elementor-section-height-min-height elementor-section-full_width elementor-section-items-bottom elementor-section-content-bottom elementor-section-height-default\" data-id=\"5b9d7cb\" data-element_type=\"section\" data-settings=\"{&quot;background_background&quot;:&quot;classic&quot;}\">\n\t\t\t\t\t\t<div class=\"elementor-container elementor-column-gap-default\">\n\t\t\t\t\t<div class=\"elementor-column elementor-col-50 elementor-top-column elementor-element elementor-element-7b50fdf\" data-id=\"7b50fdf\" data-element_type=\"column\">\n\t\t\t<div class=\"elementor-widget-wrap\">\n\t\t\t\t\t\t\t<\/div>\n\t\t<\/div>\n\t\t\t\t<div class=\"elementor-column elementor-col-50 elementor-top-column elementor-element elementor-element-17e7a66 elementor-invisible\" data-id=\"17e7a66\" data-element_type=\"column\" data-settings=\"{&quot;background_background&quot;:&quot;classic&quot;,&quot;animation&quot;:&quot;slideInRight&quot;}\">\n\t\t\t<div class=\"elementor-widget-wrap elementor-element-populated\">\n\t\t\t\t\t\t<div class=\"elementor-element elementor-element-c96f060 elementor-widget elementor-widget-heading\" data-id=\"c96f060\" data-element_type=\"widget\" data-widget_type=\"heading.default\">\n\t\t\t\t<div class=\"elementor-widget-container\">\n\t\t\t\t\t<h1 class=\"elementor-heading-title elementor-size-default\">DATENSCHUTZ<\/h1>\t\t\t\t<\/div>\n\t\t\t\t<\/div>\n\t\t\t\t\t<\/div>\n\t\t<\/div>\n\t\t\t\t\t<\/div>\n\t\t<\/section>\n\t\t\t\t<section class=\"elementor-section elementor-top-section elementor-element elementor-element-6613869d elementor-section-content-middle elementor-section-boxed elementor-section-height-default elementor-section-height-default\" data-id=\"6613869d\" data-element_type=\"section\">\n\t\t\t\t\t\t<div class=\"elementor-container elementor-column-gap-no\">\n\t\t\t\t\t<div class=\"elementor-column elementor-col-100 elementor-top-column elementor-element elementor-element-1a5c922d\" data-id=\"1a5c922d\" data-element_type=\"column\">\n\t\t\t<div class=\"elementor-widget-wrap elementor-element-populated\">\n\t\t\t\t\t\t<div class=\"elementor-element elementor-element-67b01b0f elementor-widget elementor-widget-heading\" data-id=\"67b01b0f\" data-element_type=\"widget\" data-widget_type=\"heading.default\">\n\t\t\t\t<div class=\"elementor-widget-container\">\n\t\t\t\t\t<h3 class=\"elementor-heading-title elementor-size-default\">Erkl\u00e4rung zum Datenschutz<\/h3>\t\t\t\t<\/div>\n\t\t\t\t<\/div>\n\t\t\t\t<div class=\"elementor-element elementor-element-5a61119 elementor-widget elementor-widget-text-editor\" data-id=\"5a61119\" data-element_type=\"widget\" data-widget_type=\"text-editor.default\">\n\t\t\t\t<div class=\"elementor-widget-container\">\n\t\t\t\t\t\t\t\t\t<p>f\u00fcr den Verarbeitungsleiter IKS Fenster doo, aus Sesvet, Jelkove\u010dka 15, ID-Nummer: 88276202736 (im Folgenden: Verarbeitungsleiter)<\/p>\n<h3>1. Allgemeine Informationen<\/h3>\n<p>Diese Datenschutzerkl\u00e4rung f\u00fcr IKS Fenster doo gilt ab dem 25. Mai 2018. Durch die Nutzung unserer Produkte und Dienstleistungen vertrauen Sie uns Ihre personenbezogenen Daten an. Diese Erkl\u00e4rung beschreibt, welche Daten wir erheben, wie wir sie verarbeiten und f\u00fcr welche Zwecke wir sie nutzen, sowie Ihre Rechte im Zusammenhang mit der Erhebung und Verarbeitung.   <\/p>\n<p>a) Verantwortlicher f\u00fcr die Datenverarbeitung ist:<\/p>\n<p>IKS Fenster doo, aus Sesvet, Jelkove\u010dka 15, ID-Nummer: 88276202736<br \/> Telefon: (+385) 1 2022 440<br \/> Fax: (+385) 1 2022 460<\/p>\n<p>Der Beauftragte f\u00fcr den Schutz personenbezogener Daten ist erreichbar \u00fcber:<br \/> Kontakt-E-Mail-Adresse: osobnipodaci@iks-fenster.hr<\/p>\n<p>b) Sofern wir im Rahmen unserer Gesch\u00e4ftst\u00e4tigkeit die Dienste externer Anbieter zur Verarbeitung Ihrer personenbezogenen Daten in Anspruch nehmen, sind wir dennoch f\u00fcr deren Schutz verantwortlich.<\/p>\n<h3>2. Arten personenbezogener Daten<\/h3>\n<p>Wir erheben und verarbeiten folgende personenbezogene Daten:<\/p>\n<p>a) Ihre grundlegenden personenbezogenen Daten: Vor- und Nachname, Adresse, pers\u00f6nliche Identifikationsnummer (OIB), Mobiltelefonnummer und Kontaktinformationen (E-Mail-Adresse, Telefonnummer), Informationen \u00fcber Art und Inhalt des Vertragsverh\u00e4ltnisses sowie Ihre Bonit\u00e4t<\/p>\n<p>b) sonstige personenbezogene Daten, die wir f\u00fcr die Durchf\u00fchrung des Vertrages oder die Erf\u00fcllung einer gesetzlich festgelegten Verpflichtung ben\u00f6tigen, wie z. B. Daten aus Personalausweis, Bankkonto, Zeichnungs- oder Vertretungsberechtigung<\/p>\n<h3>3. Speicherdauer<\/h3>\n<p>a) Grunds\u00e4tzlich l\u00f6schen wir Ihre personenbezogenen Daten mit Beendigung des Vertragsverh\u00e4ltnisses, sp\u00e4testens jedoch mit Ablauf aller gesetzlichen Pflichten zur Aufbewahrung personenbezogener Daten.<\/p>\n<p>Bitte beachten Sie, dass wir Ihre Daten nicht l\u00f6schen:<\/p>\n<p>\u2022 f\u00fcr den Fall, dass das Verfahren zur Zwangseintreibung unbezahlter Forderungen eingeleitet wurde<\/p>\n<p>\u2022 wenn innerhalb der Frist eine Beschwerde \u00fcber das Produkt oder die Dienstleistung eingereicht wird, bis zum endg\u00fcltigen Abschluss des Beschwerdeverfahrens gem\u00e4\u00df den geltenden Vorschriften<\/p>\n<p>b) Ihre sonstigen personenbezogenen Daten werden grunds\u00e4tzlich mit Beendigung des Vertragsverh\u00e4ltnisses, sp\u00e4testens jedoch mit Ablauf etwaiger gesetzlicher Aufbewahrungspflichten, gel\u00f6scht, es sei denn, es wurde ein Zwangseinziehungsverfahren eingeleitet oder ein Einspruch gegen das Produkt oder die Dienstleistung innerhalb der Frist eingelegt wurde, bis zur endg\u00fcltigen Fertigstellung des Beschwerdeverfahrens gem\u00e4\u00df den geltenden Vorschriften.<\/p>\n<h3>4. Art und Zweck der Erhebung und Verarbeitung personenbezogener Daten<\/h3>\n<p>Alle Arten Ihrer personenbezogenen Daten werden auf Grundlage unseres berechtigten Interesses und Ihrer Einwilligung zu folgenden Zwecken verarbeitet:<\/p>\n<p>a) Erf\u00fcllung des Vertrages und der gesetzlich festgelegten Pflichten<\/p>\n<p>b) Erkennung von Missbrauch<\/p>\n<p>c) Bonit\u00e4tspr\u00fcfung und Einzug von Forderungen<\/p>\n<p>Die Verarbeitung der Daten aus dieser Erkl\u00e4rung ist f\u00fcr den Abschluss eines Vertrages mit uns bzw. die Erf\u00fcllung eines abgeschlossenen Vertrages erforderlich. Wenn Sie uns diese Daten nicht zur Verf\u00fcgung stellen, k\u00f6nnen wir unsere vertraglichen Verpflichtungen Ihnen gegen\u00fcber nicht erf\u00fcllen und auch keinen Vertrag mit Ihnen abschlie\u00dfen. <\/p>\n<h3>5. Weitergabe personenbezogener Daten<\/h3>\n<p>Ihre personenbezogenen Daten aus Artikel 2 dieser Erkl\u00e4rung k\u00f6nnen (auf Grundlage unseres berechtigten Interesses und Ihrer Einwilligung gem\u00e4\u00df dieser Erkl\u00e4rung) an Unternehmen weitergegeben werden, die f\u00fcr die Erf\u00fcllung des abgeschlossenen Vertrages und der vertraglichen Pflichten erforderlich sind. Die oben genannten Unternehmen d\u00fcrfen diese Daten ausschlie\u00dflich in der in dieser Erkl\u00e4rung vorgesehenen Weise verwenden.  <\/p>\n<h3>6. Verwaltung von Einwilligungen<\/h3>\n<p>a) Die von Ihnen erteilte Einwilligung zur Kontaktaufnahme k\u00f6nnen Sie jederzeit widerrufen. Ebenso k\u00f6nnen Sie der Verarbeitung Ihrer personenbezogenen Daten durch uns jederzeit widersprechen. Sie k\u00f6nnen Ihre Einwilligung auf die in Artikel 7 dieser Erkl\u00e4rung festgelegte Weise \u00fcber die Kontakt-E-Mail-Adresse osobnipodaci@iks-fenster.hr, per Einschreiben oder durch einen Besuch in der Verkaufsstelle \u00e4ndern.   <\/p>\n<p>b) Eine einmal widerrufene Einwilligung kann erneut erteilt werden.<\/p>\n<p>d) Die von Ihnen erteilte Einwilligung bzw. der Widerruf einer Einwilligung gilt stets f\u00fcr alle von Ihnen beauftragten Produkte und Dienstleistungen.<\/p>\n<h3>7. Rechte der Befragten<\/h3>\n<p>a) Recht auf Berichtigung:<\/p>\n<p>Sollten wir Ihre personenbezogenen Daten unvollst\u00e4ndig oder unrichtig verarbeiten, k\u00f6nnen Sie jederzeit von uns eine Berichtigung oder Erg\u00e4nzung verlangen.<\/p>\n<p>b) Recht auf L\u00f6schung:<\/p>\n<p>Sie k\u00f6nnen von uns die L\u00f6schung Ihrer personenbezogenen Daten verlangen, soweit wir diese unrechtm\u00e4\u00dfig verarbeitet haben oder die Verarbeitung einen unverh\u00e4ltnism\u00e4\u00dfigen Eingriff in Ihre schutzw\u00fcrdigen Interessen darstellt. Bitte beachten Sie, dass Gr\u00fcnde vorliegen, die einer sofortigen L\u00f6schung entgegenstehen, wie zum Beispiel gesetzliche Archivierungspflichten. <\/p>\n<p>c) Recht auf Einschr\u00e4nkung der Verarbeitung:<\/p>\n<p>Sie k\u00f6nnen uns bitten, die Weitergabe Ihrer Daten einzuschr\u00e4nken:<\/p>\n<p>\u2022 wenn Sie die Richtigkeit der Daten innerhalb des Zeitraums bestreiten, der es uns erm\u00f6glicht, die Richtigkeit der Daten zu \u00fcberpr\u00fcfen<\/p>\n<p>\u2022 wenn die Verarbeitung der Daten unrechtm\u00e4\u00dfig war, Sie aber deren L\u00f6schung ablehnen und stattdessen die Einschr\u00e4nkung der Nutzung der Daten verlangen<\/p>\n<p>\u2022 wenn wir die Daten f\u00fcr die vorgesehenen Zwecke nicht mehr ben\u00f6tigen, Sie diese aber noch zur Erf\u00fcllung gesetzlicher Vorgaben ben\u00f6tigen oder<\/p>\n<p>\u2022 wenn Sie Widerspruch gegen die Weitergabe dieser Daten eingelegt haben<\/p>\n<p>d) Widerspruchsrecht:<\/p>\n<p>Sofern wir Ihre Daten zur Wahrnehmung von im \u00f6ffentlichen Interesse liegenden Aufgaben oder Aufgaben \u00f6ffentlicher Stellen weitergeben oder wir uns bei der Verarbeitung auf unsere berechtigten Interessen berufen, k\u00f6nnen Sie bei Vorliegen eines Interesses am Schutz Ihrer Daten Widerspruch gegen die Datenverarbeitung einlegen .<\/p>\n<p>e) Widerspruchsrecht:<\/p>\n<p>Wenn Sie der Meinung sind, dass wir bei der Verarbeitung Ihrer Daten gegen kroatische oder europ\u00e4ische Datenschutzbestimmungen versto\u00dfen haben, kontaktieren Sie uns bitte zur Kl\u00e4rung etwaiger Fragen. Sie haben selbstverst\u00e4ndlich das Recht, eine Beschwerde bei der kroatischen Datenschutzbeh\u00f6rde oder im Falle einer \u00c4nderung der geltenden Vorschriften bei einer anderen Beh\u00f6rde einzureichen, die ihre Zust\u00e4ndigkeit \u00fcbernimmt, und ab dem 25. Mai 2018 bei einer Aufsichtsbeh\u00f6rde innerhalb dieser Beh\u00f6rde die EU.   <\/p>\n<p>f) Aus\u00fcbung der Rechte:<\/p>\n<p>Wenn Sie eines der oben genannten Rechte aus\u00fcben m\u00f6chten, kontaktieren Sie uns bitte \u00fcber unsere Kontaktinformationen aus Artikel 1 dieser Erkl\u00e4rung. <\/p>\n<p>h) Identit\u00e4tsbest\u00e4tigung:<\/p>\n<p>Im Zweifelsfall k\u00f6nnen wir zus\u00e4tzliche Informationen zur \u00dcberpr\u00fcfung Ihrer Identit\u00e4t anfordern. Dies dient dem Schutz Ihrer Rechte und Ihrer Privatsph\u00e4re. <\/p>\n<p>i) Rechtsmissbrauch:<\/p>\n<p>Wenn Sie eines der oben genannten Rechte zu oft und mit offensichtlicher Missbrauchsabsicht nutzen, k\u00f6nnen wir eine Verwaltungsgeb\u00fchr erheben oder die Bearbeitung Ihrer Anfrage verweigern.<\/p>\n<p>IKS Fenster doo<\/p>\n\t\t\t\t\t\t\t\t<\/div>\n\t\t\t\t<\/div>\n\t\t\t\t\t<\/div>\n\t\t<\/div>\n\t\t\t\t\t<\/div>\n\t\t<\/section>\n\t\t\t\t<section class=\"elementor-section elementor-top-section elementor-element elementor-element-e5833bf elementor-section-full_width elementor-section-height-default elementor-section-height-default\" data-id=\"e5833bf\" data-element_type=\"section\">\n\t\t\t\t\t\t<div class=\"elementor-container elementor-column-gap-default\">\n\t\t\t\t\t\t<\/div>\n\t\t<\/section>\n\t\t\t\t<\/div>\n\t\t","protected":false},"excerpt":{"rendered":"<p>DATENSCHUTZ Erkl\u00e4rung zum Datenschutz f\u00fcr den Verarbeitungsleiter IKS Fenster doo, aus Sesvet, Jelkove\u010dka 15, ID-Nummer: 88276202736 (im Folgenden: Verarbeitungsleiter) 1. Allgemeine Informationen Diese Datenschutzerkl\u00e4rung f\u00fcr IKS Fenster doo gilt ab dem 25. Mai 2018. Durch die Nutzung unserer Produkte und Dienstleistungen vertrauen Sie uns Ihre personenbezogenen Daten an. Diese Erkl\u00e4rung beschreibt, welche Daten wir erheben, [&hellip;]<\/p>\n","protected":false},"author":1,"featured_media":0,"parent":0,"menu_order":0,"comment_status":"closed","ping_status":"closed","template":"","meta":{"_acf_changed":false,"footnotes":""},"class_list":["post-5231","page","type-page","status-publish","hentry"],"acf":[],"yoast_head":"<!-- This site is optimized with the Yoast SEO plugin v26.7 - https:\/\/yoast.com\/wordpress\/plugins\/seo\/ -->\n<title>Datenschutz - IKS Fenster<\/title>\n<meta name=\"robots\" content=\"index, follow, max-snippet:-1, max-image-preview:large, max-video-preview:-1\" \/>\n<link rel=\"canonical\" href=\"https:\/\/www.iks-fenster.hr\/de\/datenschutz\/\" \/>\n<meta property=\"og:locale\" content=\"de_DE\" \/>\n<meta property=\"og:type\" content=\"article\" \/>\n<meta property=\"og:title\" content=\"Datenschutz - IKS Fenster\" \/>\n<meta property=\"og:description\" content=\"DATENSCHUTZ Erkl\u00e4rung zum Datenschutz f\u00fcr den Verarbeitungsleiter IKS Fenster doo, aus Sesvet, Jelkove\u010dka 15, ID-Nummer: 88276202736 (im Folgenden: Verarbeitungsleiter) 1. Allgemeine Informationen Diese Datenschutzerkl\u00e4rung f\u00fcr IKS Fenster doo gilt ab dem 25. Mai 2018. Durch die Nutzung unserer Produkte und Dienstleistungen vertrauen Sie uns Ihre personenbezogenen Daten an. Diese Erkl\u00e4rung beschreibt, welche Daten wir erheben, [&hellip;]\" \/>\n<meta property=\"og:url\" content=\"https:\/\/www.iks-fenster.hr\/de\/datenschutz\/\" \/>\n<meta property=\"og:site_name\" content=\"IKS Fenster\" \/>\n<meta property=\"article:modified_time\" content=\"2024-09-10T11:07:19+00:00\" \/>\n<meta property=\"og:image\" content=\"https:\/\/www.iks-fenster.hr\/wp-content\/uploads\/2021\/03\/Staklene-stijene.jpg\" \/>\n\t<meta property=\"og:image:width\" content=\"900\" \/>\n\t<meta property=\"og:image:height\" content=\"600\" \/>\n\t<meta property=\"og:image:type\" content=\"image\/jpeg\" \/>\n<meta name=\"twitter:card\" content=\"summary_large_image\" \/>\n<meta name=\"twitter:label1\" content=\"Gesch\u00e4tzte Lesezeit\" \/>\n\t<meta name=\"twitter:data1\" content=\"5\u00a0Minuten\" \/>\n<script type=\"application\/ld+json\" class=\"yoast-schema-graph\">{\"@context\":\"https:\/\/schema.org\",\"@graph\":[{\"@type\":\"WebPage\",\"@id\":\"https:\/\/www.iks-fenster.hr\/de\/datenschutz\/\",\"url\":\"https:\/\/www.iks-fenster.hr\/de\/datenschutz\/\",\"name\":\"Datenschutz - IKS Fenster\",\"isPartOf\":{\"@id\":\"https:\/\/www.iks-fenster.hr\/de\/#website\"},\"datePublished\":\"2023-04-21T06:46:35+00:00\",\"dateModified\":\"2024-09-10T11:07:19+00:00\",\"breadcrumb\":{\"@id\":\"https:\/\/www.iks-fenster.hr\/de\/datenschutz\/#breadcrumb\"},\"inLanguage\":\"de\",\"potentialAction\":[{\"@type\":\"ReadAction\",\"target\":[\"https:\/\/www.iks-fenster.hr\/de\/datenschutz\/\"]}]},{\"@type\":\"BreadcrumbList\",\"@id\":\"https:\/\/www.iks-fenster.hr\/de\/datenschutz\/#breadcrumb\",\"itemListElement\":[{\"@type\":\"ListItem\",\"position\":1,\"name\":\"Home\",\"item\":\"https:\/\/www.iks-fenster.hr\/de\/startseite\/\"},{\"@type\":\"ListItem\",\"position\":2,\"name\":\"Datenschutz\"}]},{\"@type\":\"WebSite\",\"@id\":\"https:\/\/www.iks-fenster.hr\/de\/#website\",\"url\":\"https:\/\/www.iks-fenster.hr\/de\/\",\"name\":\"IKS Fenster\",\"description\":\"\",\"publisher\":{\"@id\":\"https:\/\/www.iks-fenster.hr\/de\/#organization\"},\"potentialAction\":[{\"@type\":\"SearchAction\",\"target\":{\"@type\":\"EntryPoint\",\"urlTemplate\":\"https:\/\/www.iks-fenster.hr\/de\/?s={search_term_string}\"},\"query-input\":{\"@type\":\"PropertyValueSpecification\",\"valueRequired\":true,\"valueName\":\"search_term_string\"}}],\"inLanguage\":\"de\"},{\"@type\":\"Organization\",\"@id\":\"https:\/\/www.iks-fenster.hr\/de\/#organization\",\"name\":\"IKS Fenster\",\"url\":\"https:\/\/www.iks-fenster.hr\/de\/\",\"logo\":{\"@type\":\"ImageObject\",\"inLanguage\":\"de\",\"@id\":\"https:\/\/www.iks-fenster.hr\/de\/#\/schema\/logo\/image\/\",\"url\":\"https:\/\/iks-fenster.hr\/wp-content\/uploads\/2021\/03\/IKS-Fenster-Logo.png\",\"contentUrl\":\"https:\/\/iks-fenster.hr\/wp-content\/uploads\/2021\/03\/IKS-Fenster-Logo.png\",\"width\":612,\"height\":236,\"caption\":\"IKS Fenster\"},\"image\":{\"@id\":\"https:\/\/www.iks-fenster.hr\/de\/#\/schema\/logo\/image\/\"}}]}<\/script>\n<!-- \/ Yoast SEO plugin. -->","yoast_head_json":{"title":"Datenschutz - IKS Fenster","robots":{"index":"index","follow":"follow","max-snippet":"max-snippet:-1","max-image-preview":"max-image-preview:large","max-video-preview":"max-video-preview:-1"},"canonical":"https:\/\/www.iks-fenster.hr\/de\/datenschutz\/","og_locale":"de_DE","og_type":"article","og_title":"Datenschutz - IKS Fenster","og_description":"DATENSCHUTZ Erkl\u00e4rung zum Datenschutz f\u00fcr den Verarbeitungsleiter IKS Fenster doo, aus Sesvet, Jelkove\u010dka 15, ID-Nummer: 88276202736 (im Folgenden: Verarbeitungsleiter) 1. Allgemeine Informationen Diese Datenschutzerkl\u00e4rung f\u00fcr IKS Fenster doo gilt ab dem 25. Mai 2018. Durch die Nutzung unserer Produkte und Dienstleistungen vertrauen Sie uns Ihre personenbezogenen Daten an. Diese Erkl\u00e4rung beschreibt, welche Daten wir erheben, [&hellip;]","og_url":"https:\/\/www.iks-fenster.hr\/de\/datenschutz\/","og_site_name":"IKS Fenster","article_modified_time":"2024-09-10T11:07:19+00:00","og_image":[{"width":900,"height":600,"url":"https:\/\/www.iks-fenster.hr\/wp-content\/uploads\/2021\/03\/Staklene-stijene.jpg","type":"image\/jpeg"}],"twitter_card":"summary_large_image","twitter_misc":{"Gesch\u00e4tzte Lesezeit":"5\u00a0Minuten"},"schema":{"@context":"https:\/\/schema.org","@graph":[{"@type":"WebPage","@id":"https:\/\/www.iks-fenster.hr\/de\/datenschutz\/","url":"https:\/\/www.iks-fenster.hr\/de\/datenschutz\/","name":"Datenschutz - IKS Fenster","isPartOf":{"@id":"https:\/\/www.iks-fenster.hr\/de\/#website"},"datePublished":"2023-04-21T06:46:35+00:00","dateModified":"2024-09-10T11:07:19+00:00","breadcrumb":{"@id":"https:\/\/www.iks-fenster.hr\/de\/datenschutz\/#breadcrumb"},"inLanguage":"de","potentialAction":[{"@type":"ReadAction","target":["https:\/\/www.iks-fenster.hr\/de\/datenschutz\/"]}]},{"@type":"BreadcrumbList","@id":"https:\/\/www.iks-fenster.hr\/de\/datenschutz\/#breadcrumb","itemListElement":[{"@type":"ListItem","position":1,"name":"Home","item":"https:\/\/www.iks-fenster.hr\/de\/startseite\/"},{"@type":"ListItem","position":2,"name":"Datenschutz"}]},{"@type":"WebSite","@id":"https:\/\/www.iks-fenster.hr\/de\/#website","url":"https:\/\/www.iks-fenster.hr\/de\/","name":"IKS Fenster","description":"","publisher":{"@id":"https:\/\/www.iks-fenster.hr\/de\/#organization"},"potentialAction":[{"@type":"SearchAction","target":{"@type":"EntryPoint","urlTemplate":"https:\/\/www.iks-fenster.hr\/de\/?s={search_term_string}"},"query-input":{"@type":"PropertyValueSpecification","valueRequired":true,"valueName":"search_term_string"}}],"inLanguage":"de"},{"@type":"Organization","@id":"https:\/\/www.iks-fenster.hr\/de\/#organization","name":"IKS Fenster","url":"https:\/\/www.iks-fenster.hr\/de\/","logo":{"@type":"ImageObject","inLanguage":"de","@id":"https:\/\/www.iks-fenster.hr\/de\/#\/schema\/logo\/image\/","url":"https:\/\/iks-fenster.hr\/wp-content\/uploads\/2021\/03\/IKS-Fenster-Logo.png","contentUrl":"https:\/\/iks-fenster.hr\/wp-content\/uploads\/2021\/03\/IKS-Fenster-Logo.png","width":612,"height":236,"caption":"IKS Fenster"},"image":{"@id":"https:\/\/www.iks-fenster.hr\/de\/#\/schema\/logo\/image\/"}}]}},"_links":{"self":[{"href":"https:\/\/www.iks-fenster.hr\/de\/wp-json\/wp\/v2\/pages\/5231","targetHints":{"allow":["GET"]}}],"collection":[{"href":"https:\/\/www.iks-fenster.hr\/de\/wp-json\/wp\/v2\/pages"}],"about":[{"href":"https:\/\/www.iks-fenster.hr\/de\/wp-json\/wp\/v2\/types\/page"}],"author":[{"embeddable":true,"href":"https:\/\/www.iks-fenster.hr\/de\/wp-json\/wp\/v2\/users\/1"}],"replies":[{"embeddable":true,"href":"https:\/\/www.iks-fenster.hr\/de\/wp-json\/wp\/v2\/comments?post=5231"}],"version-history":[{"count":2,"href":"https:\/\/www.iks-fenster.hr\/de\/wp-json\/wp\/v2\/pages\/5231\/revisions"}],"predecessor-version":[{"id":5233,"href":"https:\/\/www.iks-fenster.hr\/de\/wp-json\/wp\/v2\/pages\/5231\/revisions\/5233"}],"wp:attachment":[{"href":"https:\/\/www.iks-fenster.hr\/de\/wp-json\/wp\/v2\/media?parent=5231"}],"curies":[{"name":"wp","href":"https:\/\/api.w.org\/{rel}","templated":true}]}}