{"id":5234,"date":"2023-04-21T06:49:53","date_gmt":"2023-04-21T06:49:53","guid":{"rendered":"https:\/\/www.iks-fenster.hr\/cookie-richtlinie\/"},"modified":"2024-09-10T11:07:19","modified_gmt":"2024-09-10T11:07:19","slug":"cookie-richtlinie","status":"publish","type":"page","link":"https:\/\/www.iks-fenster.hr\/de\/cookie-richtlinie\/","title":{"rendered":"Cookie-Richtlinie"},"content":{"rendered":"\t\t<div data-elementor-type=\"wp-page\" data-elementor-id=\"5234\" class=\"elementor elementor-5234 elementor-3189\" data-elementor-post-type=\"page\">\n\t\t\t\t\t\t<section class=\"elementor-section elementor-top-section elementor-element elementor-element-5b9d7cb elementor-section-height-min-height elementor-section-full_width elementor-section-items-bottom elementor-section-content-bottom elementor-section-height-default\" data-id=\"5b9d7cb\" data-element_type=\"section\" data-settings=\"{&quot;background_background&quot;:&quot;classic&quot;}\">\n\t\t\t\t\t\t<div class=\"elementor-container elementor-column-gap-default\">\n\t\t\t\t\t<div class=\"elementor-column elementor-col-50 elementor-top-column elementor-element elementor-element-7b50fdf\" data-id=\"7b50fdf\" data-element_type=\"column\">\n\t\t\t<div class=\"elementor-widget-wrap\">\n\t\t\t\t\t\t\t<\/div>\n\t\t<\/div>\n\t\t\t\t<div class=\"elementor-column elementor-col-50 elementor-top-column elementor-element elementor-element-17e7a66 elementor-invisible\" data-id=\"17e7a66\" data-element_type=\"column\" data-settings=\"{&quot;background_background&quot;:&quot;classic&quot;,&quot;animation&quot;:&quot;slideInRight&quot;}\">\n\t\t\t<div class=\"elementor-widget-wrap elementor-element-populated\">\n\t\t\t\t\t\t<div class=\"elementor-element elementor-element-c96f060 elementor-widget elementor-widget-heading\" data-id=\"c96f060\" data-element_type=\"widget\" data-widget_type=\"heading.default\">\n\t\t\t\t<div class=\"elementor-widget-container\">\n\t\t\t\t\t<h1 class=\"elementor-heading-title elementor-size-default\">COOKIE-RICHTLINIEN<\/h1>\t\t\t\t<\/div>\n\t\t\t\t<\/div>\n\t\t\t\t\t<\/div>\n\t\t<\/div>\n\t\t\t\t\t<\/div>\n\t\t<\/section>\n\t\t\t\t<section class=\"elementor-section elementor-top-section elementor-element elementor-element-6613869d elementor-section-content-middle elementor-section-boxed elementor-section-height-default elementor-section-height-default\" data-id=\"6613869d\" data-element_type=\"section\">\n\t\t\t\t\t\t<div class=\"elementor-container elementor-column-gap-no\">\n\t\t\t\t\t<div class=\"elementor-column elementor-col-100 elementor-top-column elementor-element elementor-element-1a5c922d\" data-id=\"1a5c922d\" data-element_type=\"column\">\n\t\t\t<div class=\"elementor-widget-wrap elementor-element-populated\">\n\t\t\t\t\t\t<div class=\"elementor-element elementor-element-67b01b0f elementor-widget elementor-widget-heading\" data-id=\"67b01b0f\" data-element_type=\"widget\" data-widget_type=\"heading.default\">\n\t\t\t\t<div class=\"elementor-widget-container\">\n\t\t\t\t\t<h3 class=\"elementor-heading-title elementor-size-default\">Cookie-Richtlinie<\/h3>\t\t\t\t<\/div>\n\t\t\t\t<\/div>\n\t\t\t\t<div class=\"elementor-element elementor-element-5a61119 elementor-widget elementor-widget-text-editor\" data-id=\"5a61119\" data-element_type=\"widget\" data-widget_type=\"text-editor.default\">\n\t\t\t\t<div class=\"elementor-widget-container\">\n\t\t\t\t\t\t\t\t\t<h3>Pl\u00e4tzchen<\/h3>\n<p>Wir verwenden Cookies, um Ihnen das bestm\u00f6gliche Erlebnis auf unserer Website zu bieten. Cookies dienen unter anderem dazu, dass die Website optimal funktioniert und dass wir die Website weiter verbessern k\u00f6nnen, um Ihr Surferlebnis zu verbessern.<br \/> Ein Cookie ist eine kleine Textdatei, die der Internetbrowser auf der Festplatte des Endger\u00e4ts (z. B. Computer, Smartphone etc.) speichert oder beim Besuch von Internetseiten von dieser ausliest. Cookies tragen zur Sicherheit und Geschwindigkeit Ihrer Interaktion mit Websites bei, da sie sich Ihre Pr\u00e4ferenzen (z. B. Anmeldedaten und Sprache) merken, sodass sie bei einem erneuten Besuch der entsprechenden Website mit demselben Endger\u00e4t die darin enthaltenen Informationen an das Original zur\u00fccksenden Website (Erstanbieter-Cookies) oder auf eine andere Website (Drittanbieter-Cookies). Es ist wichtig zu beachten, dass gespeicherte Cookies keine personenbezogenen Daten oder andere Informationen erfassen, die Sie auf Ihrem Computer gespeichert haben.<br \/> Sie k\u00f6nnen die Einstellungen Ihres Internetbrowsers so \u00e4ndern, dass Sie selbst entscheiden k\u00f6nnen, ob Sie Anfragen zum Speichern von Cookies genehmigen oder ablehnen, gespeicherte Cookies automatisch l\u00f6schen, wenn Sie Ihren Internetbrowser schlie\u00dfen, und \u00c4hnliches.   <\/p>\n<h3>Arten von Cookies<\/h3>\n<p>Tempor\u00e4re Cookies bzw. Sitzungscookies werden vom Computer entfernt, wenn der Internetbrowser geschlossen wird. Websites nutzen sie zur Speicherung tempor\u00e4rer Daten.<br \/> Persistente oder gespeicherte Cookies verbleiben je nach Dauereinstellung auch nach dem Schlie\u00dfen des Internetbrowsers f\u00fcr eine bestimmte Zeit auf dem Ger\u00e4t oder bis der Nutzer sie selbst entfernt.<br \/> Erstanbieter-Cookies stammen von der Website, die Sie besuchen, und k\u00f6nnen dauerhaft oder tempor\u00e4r sein. Mit diesen Cookies k\u00f6nnen Websites Informationen speichern, die sie beim n\u00e4chsten Besuch dieser Website wieder verwenden.<br \/> Cookies von Drittanbietern stammen aus Werbung von anderen Websites (z. B. Pop-up- oder andere Werbung), die auf der von Ihnen angezeigten Website platziert wird. Mit diesen Cookies k\u00f6nnen Websites die Internetnutzung zu Marketingzwecken verfolgen.   <\/p>\n<h3>Was passiert, wenn ich keine Cookies akzeptiere?<\/h3>\n<p>Wenn Sie keine Cookies akzeptieren, kann es sein, dass bestimmte Funktionen dieser Website nicht angezeigt werden oder nicht ordnungsgem\u00e4\u00df funktionieren. Dies schr\u00e4nkt die M\u00f6glichkeiten, die Ihnen unsere Website bietet, ein und k\u00f6nnte sich auf das Design und die Benutzererfahrung auswirken.<br \/> Ein Beispiel f\u00fcr Funktionen, die durch die Ablehnung von Cookies beeintr\u00e4chtigt werden k\u00f6nnten: <\/p>\n<p>individuelles Erlebnis auf der Website<br \/> Liken Sie die Seite und teilen Sie sie in sozialen Netzwerken<br \/> Anzeige eingebetteter Inhalte<\/p>\n<h3>Verwendet iks-fenster.hr Cookies?<\/h3>\n<p>Ja, mit dem vorrangigen Ziel, Ihnen ein besseres Benutzererlebnis auf unseren Websites zu bieten.<\/p>\n<h3>Welche Art von Cookies verwendet iks-fenster.hr?<\/h3>\n<p>Funktionale Cookies von Erstanbietern<\/p>\n<p>Das ASP.NET_SessionId-Cookie speichert den Sitzungsstatus des Besuchers bei Seitenanfragen. Dieses Cookie wird von unserer Website erstellt und nur von dieser verwendet. Das Cookie wird nach Schlie\u00dfen des Internetbrowsers entfernt. Wenn der Benutzer das Cookie ablehnt, ist die Nutzung des Warenkorbs m\u00f6glicherweise nicht funktionsf\u00e4hig.   <\/p>\n<p>Analyse-Cookies von Drittanbietern<\/p>\n<p>Analytische Cookies sammeln Informationen dar\u00fcber, wie Besucher die Website nutzen, damit Dritte eine Analyse durchf\u00fchren k\u00f6nnen, um die Funktionalit\u00e4t zu erh\u00f6hen und Inhalte zu erstellen, die den Informationsbed\u00fcrfnissen des Benutzers am besten entsprechen. Wir nutzen die Dienste von Google Analytics. <\/p>\n<p>_gat- und _gid-Cookies werden entfernt, wenn der Internetbrowser geschlossen wird, w\u00e4hrend das _ga-Cookie auf dem Ger\u00e4t gespeichert bleibt und nicht gel\u00f6scht wird oder automatisch abl\u00e4uft.<br \/> Wenn Sie die Speicherung von Cookies durch den genannten Dienst verhindern m\u00f6chten, k\u00f6nnen Sie dies gem\u00e4\u00df den Anweisungen auf der folgenden Website tun:<br \/> https:\/\/tools.google.com\/dlpage\/gaoptout<\/p>\n<p>Werbe-Cookies von Drittanbietern<\/p>\n<p>Wir nutzen Dienste von Drittanbietern, um Anzeigen basierend auf den Interessen von Benutzern zu schalten, die die Website zuvor besucht haben und anhand ihrer Online-Suchen ermittelt werden. Diese Cookies sammeln demografische Informationen und\/oder Daten zu den Seiten, die Benutzer besucht haben, den Produkten, die sie angesehen haben, und den Conversions, die sie aufgrund von Werbekampagnen durchgef\u00fchrt haben. Diese Cookies werden beispielsweise verwendet, um:  <\/p>\n<p>ermittelt die Anzahl der Nutzer, die den Dienst angesehen haben, nachdem sie auf die Anzeige geklickt haben<br \/> Anzeigen anzeigen, die auf das demografische Profil des Benutzers zugeschnitten sind oder auf seinen spezifischen Interessen basieren, einschlie\u00dflich Anzeigen auf anderen Websites<br \/> Auf anderen Seiten werden Anzeigen angezeigt, die sich auf die Dienste beziehen, die der Benutzer auf der Seite angesehen hat<br \/> Vermeiden Sie die erneute Anzeige von Anzeigen, die Nutzer bereits gesehen haben<br \/> Wir verwenden die folgenden Werbe-Cookies:<\/p>\n<p>Dienstanbieter: Google Adwords<br \/> Cookies: _gads und _gac<br \/> Dauer: Sie werden nach dem Schlie\u00dfen des Internetbrowsers entfernt<br \/> Die Datenschutzerkl\u00e4rung finden Sie unter folgendem Link: https:\/\/www.google.com\/intl\/hr\/policies\/privacy\/<br \/> Die Einwilligungserkl\u00e4rung finden Sie unter folgendem Link: https:\/\/adssettings.google.com\/anonymous?hl=hr<br \/> Dienstanbieter: Facebook (Facebook Pixel)<br \/> Cookies: fr, impression.php\/#, tr<br \/> Dauer: fr bleibt bis zu 3 Monate auf dem Ger\u00e4t des Nutzers gespeichert, impression.php\/# \u200b\u200b\u200b\u200b\u200b\u200bund tr-Cookies werden nach Schlie\u00dfen des Internetbrowsers entfernt.<br \/> Die Datenschutzerkl\u00e4rung finden Sie unter folgendem Link: https:\/\/www.facebook.com\/privacy\/explanation<br \/> Die Einwilligungserkl\u00e4rung finden Sie unter folgendem Link: https:\/\/www.facebook.com\/ads\/preferences\/<br \/> So deaktivieren Sie Cookies<br \/> Durch die Deaktivierung von Cookies entscheiden Sie, ob Sie die Speicherung von Cookies auf Ihrem Computer zulassen m\u00f6chten. Die Cookie-Einstellungen k\u00f6nnen in Ihrem Webbrowser gesteuert und konfiguriert werden. F\u00fcr Informationen zu den Cookie-Einstellungen w\u00e4hlen Sie den von Ihnen verwendeten Webbrowser aus. \u2022 Chrome \u2022 Firefox \u2022 Internet Explorer 9 \u2022 Internet Explorer 7 und 8 \u2022 Opera (Website auf Englisch) \u2022 Safari (Website auf Englisch) Wenn Sie Cookies deaktivieren, k\u00f6nnen Sie einige Funktionen auf den Webseiten nicht nutzen   <\/p>\n<p>Informationen zur Cookie-Verwaltung<\/p>\n<p>Die meisten Internetbrowser akzeptieren Cookies automatisch, bieten jedoch Steuerelemente, mit denen Sie sie blockieren oder l\u00f6schen k\u00f6nnen.<br \/> Wenn Sie der Verwendung nicht zustimmen, k\u00f6nnen Sie Cookies auf Ihrem Ger\u00e4t \u00fcber die Einstellungen des von Ihnen verwendeten Browsers problemlos l\u00f6schen (oder verhindern).<\/p>\n<p>Informationen zur Verwaltung von Cookies finden Sie auf den Seiten des von Ihnen verwendeten Browsers sowie unter den folgenden Links<br \/>\u200b<br \/> www.allaboutcookies.org.<br \/> www.youronlinechoices.com<\/p>\n<p>Der Zweck von Cookies besteht darin, die Nutzung unserer Websites und ihrer Prozesse zu verbessern und zu erm\u00f6glichen. Bitte beachten Sie, dass Sie durch das Verhindern oder L\u00f6schen von Cookies die Funktion dieser Funktionen deaktivieren oder dazu f\u00fchren k\u00f6nnen, dass sie in Ihrem Browser anders funktionieren und aussehen.<\/p>\n\t\t\t\t\t\t\t\t<\/div>\n\t\t\t\t<\/div>\n\t\t\t\t\t<\/div>\n\t\t<\/div>\n\t\t\t\t\t<\/div>\n\t\t<\/section>\n\t\t\t\t<section class=\"elementor-section elementor-top-section elementor-element elementor-element-e5833bf elementor-section-full_width elementor-section-height-default elementor-section-height-default\" data-id=\"e5833bf\" data-element_type=\"section\">\n\t\t\t\t\t\t<div class=\"elementor-container elementor-column-gap-default\">\n\t\t\t\t\t\t<\/div>\n\t\t<\/section>\n\t\t\t\t<\/div>\n\t\t","protected":false},"excerpt":{"rendered":"<p>COOKIE-RICHTLINIEN Cookie-Richtlinie Pl\u00e4tzchen Wir verwenden Cookies, um Ihnen das bestm\u00f6gliche Erlebnis auf unserer Website zu bieten. Cookies dienen unter anderem dazu, dass die Website optimal funktioniert und dass wir die Website weiter verbessern k\u00f6nnen, um Ihr Surferlebnis zu verbessern. Ein Cookie ist eine kleine Textdatei, die der Internetbrowser auf der Festplatte des Endger\u00e4ts (z. B. [&hellip;]<\/p>\n","protected":false},"author":1,"featured_media":0,"parent":0,"menu_order":0,"comment_status":"closed","ping_status":"closed","template":"","meta":{"_acf_changed":false,"footnotes":""},"class_list":["post-5234","page","type-page","status-publish","hentry"],"acf":[],"yoast_head":"<!-- This site is optimized with the Yoast SEO plugin v26.7 - https:\/\/yoast.com\/wordpress\/plugins\/seo\/ -->\n<title>Cookie-Richtlinie - IKS Fenster<\/title>\n<meta name=\"robots\" content=\"index, follow, max-snippet:-1, max-image-preview:large, max-video-preview:-1\" \/>\n<link rel=\"canonical\" href=\"https:\/\/www.iks-fenster.hr\/de\/cookie-richtlinie\/\" \/>\n<meta property=\"og:locale\" content=\"de_DE\" \/>\n<meta property=\"og:type\" content=\"article\" \/>\n<meta property=\"og:title\" content=\"Cookie-Richtlinie - IKS Fenster\" \/>\n<meta property=\"og:description\" content=\"COOKIE-RICHTLINIEN Cookie-Richtlinie Pl\u00e4tzchen Wir verwenden Cookies, um Ihnen das bestm\u00f6gliche Erlebnis auf unserer Website zu bieten. Cookies dienen unter anderem dazu, dass die Website optimal funktioniert und dass wir die Website weiter verbessern k\u00f6nnen, um Ihr Surferlebnis zu verbessern. Ein Cookie ist eine kleine Textdatei, die der Internetbrowser auf der Festplatte des Endger\u00e4ts (z. B. [&hellip;]\" \/>\n<meta property=\"og:url\" content=\"https:\/\/www.iks-fenster.hr\/de\/cookie-richtlinie\/\" \/>\n<meta property=\"og:site_name\" content=\"IKS Fenster\" \/>\n<meta property=\"article:modified_time\" content=\"2024-09-10T11:07:19+00:00\" \/>\n<meta property=\"og:image\" content=\"https:\/\/www.iks-fenster.hr\/wp-content\/uploads\/2021\/03\/Staklene-stijene.jpg\" \/>\n\t<meta property=\"og:image:width\" content=\"900\" \/>\n\t<meta property=\"og:image:height\" content=\"600\" \/>\n\t<meta property=\"og:image:type\" content=\"image\/jpeg\" \/>\n<meta name=\"twitter:card\" content=\"summary_large_image\" \/>\n<meta name=\"twitter:label1\" content=\"Gesch\u00e4tzte Lesezeit\" \/>\n\t<meta name=\"twitter:data1\" content=\"5\u00a0Minuten\" \/>\n<script type=\"application\/ld+json\" class=\"yoast-schema-graph\">{\"@context\":\"https:\/\/schema.org\",\"@graph\":[{\"@type\":\"WebPage\",\"@id\":\"https:\/\/www.iks-fenster.hr\/de\/cookie-richtlinie\/\",\"url\":\"https:\/\/www.iks-fenster.hr\/de\/cookie-richtlinie\/\",\"name\":\"Cookie-Richtlinie - IKS Fenster\",\"isPartOf\":{\"@id\":\"https:\/\/www.iks-fenster.hr\/de\/#website\"},\"datePublished\":\"2023-04-21T06:49:53+00:00\",\"dateModified\":\"2024-09-10T11:07:19+00:00\",\"breadcrumb\":{\"@id\":\"https:\/\/www.iks-fenster.hr\/de\/cookie-richtlinie\/#breadcrumb\"},\"inLanguage\":\"de\",\"potentialAction\":[{\"@type\":\"ReadAction\",\"target\":[\"https:\/\/www.iks-fenster.hr\/de\/cookie-richtlinie\/\"]}]},{\"@type\":\"BreadcrumbList\",\"@id\":\"https:\/\/www.iks-fenster.hr\/de\/cookie-richtlinie\/#breadcrumb\",\"itemListElement\":[{\"@type\":\"ListItem\",\"position\":1,\"name\":\"Home\",\"item\":\"https:\/\/www.iks-fenster.hr\/de\/startseite\/\"},{\"@type\":\"ListItem\",\"position\":2,\"name\":\"Cookie-Richtlinie\"}]},{\"@type\":\"WebSite\",\"@id\":\"https:\/\/www.iks-fenster.hr\/de\/#website\",\"url\":\"https:\/\/www.iks-fenster.hr\/de\/\",\"name\":\"IKS Fenster\",\"description\":\"\",\"publisher\":{\"@id\":\"https:\/\/www.iks-fenster.hr\/de\/#organization\"},\"potentialAction\":[{\"@type\":\"SearchAction\",\"target\":{\"@type\":\"EntryPoint\",\"urlTemplate\":\"https:\/\/www.iks-fenster.hr\/de\/?s={search_term_string}\"},\"query-input\":{\"@type\":\"PropertyValueSpecification\",\"valueRequired\":true,\"valueName\":\"search_term_string\"}}],\"inLanguage\":\"de\"},{\"@type\":\"Organization\",\"@id\":\"https:\/\/www.iks-fenster.hr\/de\/#organization\",\"name\":\"IKS Fenster\",\"url\":\"https:\/\/www.iks-fenster.hr\/de\/\",\"logo\":{\"@type\":\"ImageObject\",\"inLanguage\":\"de\",\"@id\":\"https:\/\/www.iks-fenster.hr\/de\/#\/schema\/logo\/image\/\",\"url\":\"https:\/\/iks-fenster.hr\/wp-content\/uploads\/2021\/03\/IKS-Fenster-Logo.png\",\"contentUrl\":\"https:\/\/iks-fenster.hr\/wp-content\/uploads\/2021\/03\/IKS-Fenster-Logo.png\",\"width\":612,\"height\":236,\"caption\":\"IKS Fenster\"},\"image\":{\"@id\":\"https:\/\/www.iks-fenster.hr\/de\/#\/schema\/logo\/image\/\"}}]}<\/script>\n<!-- \/ Yoast SEO plugin. -->","yoast_head_json":{"title":"Cookie-Richtlinie - IKS Fenster","robots":{"index":"index","follow":"follow","max-snippet":"max-snippet:-1","max-image-preview":"max-image-preview:large","max-video-preview":"max-video-preview:-1"},"canonical":"https:\/\/www.iks-fenster.hr\/de\/cookie-richtlinie\/","og_locale":"de_DE","og_type":"article","og_title":"Cookie-Richtlinie - IKS Fenster","og_description":"COOKIE-RICHTLINIEN Cookie-Richtlinie Pl\u00e4tzchen Wir verwenden Cookies, um Ihnen das bestm\u00f6gliche Erlebnis auf unserer Website zu bieten. Cookies dienen unter anderem dazu, dass die Website optimal funktioniert und dass wir die Website weiter verbessern k\u00f6nnen, um Ihr Surferlebnis zu verbessern. Ein Cookie ist eine kleine Textdatei, die der Internetbrowser auf der Festplatte des Endger\u00e4ts (z. B. [&hellip;]","og_url":"https:\/\/www.iks-fenster.hr\/de\/cookie-richtlinie\/","og_site_name":"IKS Fenster","article_modified_time":"2024-09-10T11:07:19+00:00","og_image":[{"width":900,"height":600,"url":"https:\/\/www.iks-fenster.hr\/wp-content\/uploads\/2021\/03\/Staklene-stijene.jpg","type":"image\/jpeg"}],"twitter_card":"summary_large_image","twitter_misc":{"Gesch\u00e4tzte Lesezeit":"5\u00a0Minuten"},"schema":{"@context":"https:\/\/schema.org","@graph":[{"@type":"WebPage","@id":"https:\/\/www.iks-fenster.hr\/de\/cookie-richtlinie\/","url":"https:\/\/www.iks-fenster.hr\/de\/cookie-richtlinie\/","name":"Cookie-Richtlinie - IKS Fenster","isPartOf":{"@id":"https:\/\/www.iks-fenster.hr\/de\/#website"},"datePublished":"2023-04-21T06:49:53+00:00","dateModified":"2024-09-10T11:07:19+00:00","breadcrumb":{"@id":"https:\/\/www.iks-fenster.hr\/de\/cookie-richtlinie\/#breadcrumb"},"inLanguage":"de","potentialAction":[{"@type":"ReadAction","target":["https:\/\/www.iks-fenster.hr\/de\/cookie-richtlinie\/"]}]},{"@type":"BreadcrumbList","@id":"https:\/\/www.iks-fenster.hr\/de\/cookie-richtlinie\/#breadcrumb","itemListElement":[{"@type":"ListItem","position":1,"name":"Home","item":"https:\/\/www.iks-fenster.hr\/de\/startseite\/"},{"@type":"ListItem","position":2,"name":"Cookie-Richtlinie"}]},{"@type":"WebSite","@id":"https:\/\/www.iks-fenster.hr\/de\/#website","url":"https:\/\/www.iks-fenster.hr\/de\/","name":"IKS Fenster","description":"","publisher":{"@id":"https:\/\/www.iks-fenster.hr\/de\/#organization"},"potentialAction":[{"@type":"SearchAction","target":{"@type":"EntryPoint","urlTemplate":"https:\/\/www.iks-fenster.hr\/de\/?s={search_term_string}"},"query-input":{"@type":"PropertyValueSpecification","valueRequired":true,"valueName":"search_term_string"}}],"inLanguage":"de"},{"@type":"Organization","@id":"https:\/\/www.iks-fenster.hr\/de\/#organization","name":"IKS Fenster","url":"https:\/\/www.iks-fenster.hr\/de\/","logo":{"@type":"ImageObject","inLanguage":"de","@id":"https:\/\/www.iks-fenster.hr\/de\/#\/schema\/logo\/image\/","url":"https:\/\/iks-fenster.hr\/wp-content\/uploads\/2021\/03\/IKS-Fenster-Logo.png","contentUrl":"https:\/\/iks-fenster.hr\/wp-content\/uploads\/2021\/03\/IKS-Fenster-Logo.png","width":612,"height":236,"caption":"IKS Fenster"},"image":{"@id":"https:\/\/www.iks-fenster.hr\/de\/#\/schema\/logo\/image\/"}}]}},"_links":{"self":[{"href":"https:\/\/www.iks-fenster.hr\/de\/wp-json\/wp\/v2\/pages\/5234","targetHints":{"allow":["GET"]}}],"collection":[{"href":"https:\/\/www.iks-fenster.hr\/de\/wp-json\/wp\/v2\/pages"}],"about":[{"href":"https:\/\/www.iks-fenster.hr\/de\/wp-json\/wp\/v2\/types\/page"}],"author":[{"embeddable":true,"href":"https:\/\/www.iks-fenster.hr\/de\/wp-json\/wp\/v2\/users\/1"}],"replies":[{"embeddable":true,"href":"https:\/\/www.iks-fenster.hr\/de\/wp-json\/wp\/v2\/comments?post=5234"}],"version-history":[{"count":2,"href":"https:\/\/www.iks-fenster.hr\/de\/wp-json\/wp\/v2\/pages\/5234\/revisions"}],"predecessor-version":[{"id":5236,"href":"https:\/\/www.iks-fenster.hr\/de\/wp-json\/wp\/v2\/pages\/5234\/revisions\/5236"}],"wp:attachment":[{"href":"https:\/\/www.iks-fenster.hr\/de\/wp-json\/wp\/v2\/media?parent=5234"}],"curies":[{"name":"wp","href":"https:\/\/api.w.org\/{rel}","templated":true}]}}