{"id":5251,"date":"2023-04-06T10:09:05","date_gmt":"2023-04-06T10:09:05","guid":{"rendered":"https:\/\/www.iks-fenster.hr\/alu-schiebewaende\/"},"modified":"2024-09-10T12:42:24","modified_gmt":"2024-09-10T12:42:24","slug":"alu-schiebewaende","status":"publish","type":"page","link":"https:\/\/www.iks-fenster.hr\/de\/alu-schiebewaende\/","title":{"rendered":"ALU-Schiebew\u00e4nde"},"content":{"rendered":"\t\t<div data-elementor-type=\"wp-page\" data-elementor-id=\"5251\" class=\"elementor elementor-5251 elementor-2505\" data-elementor-post-type=\"page\">\n\t\t\t\t\t\t<section class=\"elementor-section elementor-top-section elementor-element elementor-element-d132e62 elementor-section-height-min-height elementor-section-full_width elementor-section-items-bottom elementor-section-content-bottom elementor-section-height-default\" data-id=\"d132e62\" data-element_type=\"section\" data-settings=\"{&quot;background_background&quot;:&quot;classic&quot;}\">\n\t\t\t\t\t\t<div class=\"elementor-container elementor-column-gap-default\">\n\t\t\t\t\t<div class=\"elementor-column elementor-col-50 elementor-top-column elementor-element elementor-element-3e6d01f\" data-id=\"3e6d01f\" data-element_type=\"column\">\n\t\t\t<div class=\"elementor-widget-wrap elementor-element-populated\">\n\t\t\t\t\t\t<div class=\"elementor-element elementor-element-0173b1d elementor-hidden-desktop elementor-hidden-tablet elementor-widget elementor-widget-image\" data-id=\"0173b1d\" data-element_type=\"widget\" data-widget_type=\"image.default\">\n\t\t\t\t<div class=\"elementor-widget-container\">\n\t\t\t\t\t\t\t\t\t\t\t\t\t\t\t<img fetchpriority=\"high\" decoding=\"async\" width=\"800\" height=\"480\" src=\"https:\/\/www.iks-fenster.hr\/wp-content\/uploads\/2023\/04\/IKS-Klizne-stijene-3-1000x600-1.jpg\" class=\"attachment-large size-large wp-image-5089\" alt=\"\" srcset=\"https:\/\/www.iks-fenster.hr\/wp-content\/uploads\/2023\/04\/IKS-Klizne-stijene-3-1000x600-1.jpg 1000w, https:\/\/www.iks-fenster.hr\/wp-content\/uploads\/2023\/04\/IKS-Klizne-stijene-3-1000x600-1-300x180.jpg 300w, https:\/\/www.iks-fenster.hr\/wp-content\/uploads\/2023\/04\/IKS-Klizne-stijene-3-1000x600-1-768x461.jpg 768w\" sizes=\"(max-width: 800px) 100vw, 800px\" \/>\t\t\t\t\t\t\t\t\t\t\t\t\t\t\t<\/div>\n\t\t\t\t<\/div>\n\t\t\t\t\t<\/div>\n\t\t<\/div>\n\t\t\t\t<div class=\"elementor-column elementor-col-50 elementor-top-column elementor-element elementor-element-9583895 elementor-invisible\" data-id=\"9583895\" data-element_type=\"column\" data-settings=\"{&quot;background_background&quot;:&quot;classic&quot;,&quot;animation&quot;:&quot;slideInRight&quot;,&quot;animation_mobile&quot;:&quot;none&quot;}\">\n\t\t\t<div class=\"elementor-widget-wrap elementor-element-populated\">\n\t\t\t\t\t\t<div class=\"elementor-element elementor-element-42c731a elementor-widget elementor-widget-heading\" data-id=\"42c731a\" data-element_type=\"widget\" data-widget_type=\"heading.default\">\n\t\t\t\t<div class=\"elementor-widget-container\">\n\t\t\t\t\t<h1 class=\"elementor-heading-title elementor-size-default\">ALU SCHIEBEW\u00c4NDE<\/h1>\t\t\t\t<\/div>\n\t\t\t\t<\/div>\n\t\t\t\t<div class=\"elementor-element elementor-element-dd30c21 elementor-widget elementor-widget-text-editor\" data-id=\"dd30c21\" data-element_type=\"widget\" data-widget_type=\"text-editor.default\">\n\t\t\t\t<div class=\"elementor-widget-container\">\n\t\t\t\t\t\t\t\t\t<p>Schiebew\u00e4nde sind besonders geeignet, wenn Sie den Raum in Ihrem Zuhause optimal nutzen m\u00f6chten. Das \u00d6ffnungssystem ist einfach und h\u00f6chst funktional, da es jeden Zentimeter des genutzten Raums spart. Schiebew\u00e4nde sind ideal als Panoramafenster, aber auch zur Verbindung von Innen- und Au\u00dfenbereichen, als Zugang zu Balkon, Terrasse oder Garten. Genau darin liegt die gr\u00f6\u00dfte St\u00e4rke von Schiebew\u00e4nden: Sie trennen und verbinden, verbergen und \u00f6ffnen, schatten ab oder lassen Licht in den Raum.   <\/p>\n\t\t\t\t\t\t\t\t<\/div>\n\t\t\t\t<\/div>\n\t\t\t\t\t<\/div>\n\t\t<\/div>\n\t\t\t\t\t<\/div>\n\t\t<\/section>\n\t\t\t\t<section class=\"elementor-section elementor-top-section elementor-element elementor-element-3b49f34 elementor-section-height-min-height elementor-section-items-top elementor-section-boxed elementor-section-height-default\" data-id=\"3b49f34\" data-element_type=\"section\">\n\t\t\t\t\t\t\t<div class=\"elementor-background-overlay\"><\/div>\n\t\t\t\t\t\t\t<div class=\"elementor-container elementor-column-gap-default\">\n\t\t\t\t\t<div data-wts-url=\"https:\/\/iks-fenster.hr\/\/alu-klizne-stijene\/klizne-stijene\/\" data-wts-link=\"yes\" data-wts-new-window=\"\" class=\"elementor-column elementor-col-50 elementor-top-column elementor-element elementor-element-1a09119 ae-link-yes\" data-id=\"1a09119\" data-element_type=\"column\" data-settings=\"{&quot;background_background&quot;:&quot;classic&quot;}\">\n\t\t\t<div class=\"elementor-widget-wrap elementor-element-populated\">\n\t\t\t\t\t<div class=\"elementor-background-overlay\"><\/div>\n\t\t\t\t\t\t<div class=\"elementor-element elementor-element-8c943d6 elementor-widget elementor-widget-image\" data-id=\"8c943d6\" data-element_type=\"widget\" data-widget_type=\"image.default\">\n\t\t\t\t<div class=\"elementor-widget-container\">\n\t\t\t\t\t\t\t\t\t\t\t\t\t\t\t<img decoding=\"async\" width=\"800\" height=\"480\" src=\"https:\/\/www.iks-fenster.hr\/wp-content\/uploads\/2023\/04\/IKS-ALU-klizne-stijene-klizne.jpg\" class=\"attachment-large size-large wp-image-4964\" alt=\"\" srcset=\"https:\/\/www.iks-fenster.hr\/wp-content\/uploads\/2023\/04\/IKS-ALU-klizne-stijene-klizne.jpg 1000w, https:\/\/www.iks-fenster.hr\/wp-content\/uploads\/2023\/04\/IKS-ALU-klizne-stijene-klizne-300x180.jpg 300w, https:\/\/www.iks-fenster.hr\/wp-content\/uploads\/2023\/04\/IKS-ALU-klizne-stijene-klizne-768x461.jpg 768w\" sizes=\"(max-width: 800px) 100vw, 800px\" \/>\t\t\t\t\t\t\t\t\t\t\t\t\t\t\t<\/div>\n\t\t\t\t<\/div>\n\t\t\t\t<div class=\"elementor-element elementor-element-ddae909 elementor-widget elementor-widget-heading\" data-id=\"ddae909\" data-element_type=\"widget\" data-widget_type=\"heading.default\">\n\t\t\t\t<div class=\"elementor-widget-container\">\n\t\t\t\t\t<h2 class=\"elementor-heading-title elementor-size-default\"> SCHIEBESYSTEME<\/h2>\t\t\t\t<\/div>\n\t\t\t\t<\/div>\n\t\t\t\t<div class=\"elementor-element elementor-element-dfd9351 elementor-widget elementor-widget-text-editor\" data-id=\"dfd9351\" data-element_type=\"widget\" data-widget_type=\"text-editor.default\">\n\t\t\t\t<div class=\"elementor-widget-container\">\n\t\t\t\t\t\t\t\t\t<p>Als wirtschaftlich attraktive L\u00f6sung ist das Aluminium-Schiebewandsystem besonders geeignet f\u00fcr exklusive Wohnbauten und effiziente Gesch\u00e4ftsbauten. <\/p>\n\t\t\t\t\t\t\t\t<\/div>\n\t\t\t\t<\/div>\n\t\t\t\t<div class=\"elementor-element elementor-element-655ac9c elementor-widget elementor-widget-button\" data-id=\"655ac9c\" data-element_type=\"widget\" data-widget_type=\"button.default\">\n\t\t\t\t<div class=\"elementor-widget-container\">\n\t\t\t\t\t\t\t\t\t<div class=\"elementor-button-wrapper\">\n\t\t\t\t\t<a class=\"elementor-button elementor-button-link elementor-size-sm\" href=\"#\">\n\t\t\t\t\t\t<span class=\"elementor-button-content-wrapper\">\n\t\t\t\t\t\t\t\t\t<span class=\"elementor-button-text\">Erfahren Sie mehr<\/span>\n\t\t\t\t\t<\/span>\n\t\t\t\t\t<\/a>\n\t\t\t\t<\/div>\n\t\t\t\t\t\t\t\t<\/div>\n\t\t\t\t<\/div>\n\t\t\t\t\t<\/div>\n\t\t<\/div>\n\t\t\t\t<div data-wts-url=\"https:\/\/iks-fenster.hr\/\/alu-klizne-stijene\/podizno-klizne\/\" data-wts-link=\"yes\" data-wts-new-window=\"\" class=\"elementor-column elementor-col-50 elementor-top-column elementor-element elementor-element-001920b ae-link-yes\" data-id=\"001920b\" data-element_type=\"column\" data-settings=\"{&quot;background_background&quot;:&quot;classic&quot;}\">\n\t\t\t<div class=\"elementor-widget-wrap elementor-element-populated\">\n\t\t\t\t\t<div class=\"elementor-background-overlay\"><\/div>\n\t\t\t\t\t\t<div class=\"elementor-element elementor-element-6bf01a3 elementor-widget elementor-widget-image\" data-id=\"6bf01a3\" data-element_type=\"widget\" data-widget_type=\"image.default\">\n\t\t\t\t<div class=\"elementor-widget-container\">\n\t\t\t\t\t\t\t\t\t\t\t\t\t\t\t<img decoding=\"async\" width=\"800\" height=\"480\" src=\"https:\/\/www.iks-fenster.hr\/wp-content\/uploads\/2023\/04\/IKS-ALU-podizno-klizne-stijene.jpg\" class=\"attachment-large size-large wp-image-4963\" alt=\"\" srcset=\"https:\/\/www.iks-fenster.hr\/wp-content\/uploads\/2023\/04\/IKS-ALU-podizno-klizne-stijene.jpg 1000w, https:\/\/www.iks-fenster.hr\/wp-content\/uploads\/2023\/04\/IKS-ALU-podizno-klizne-stijene-300x180.jpg 300w, https:\/\/www.iks-fenster.hr\/wp-content\/uploads\/2023\/04\/IKS-ALU-podizno-klizne-stijene-768x461.jpg 768w\" sizes=\"(max-width: 800px) 100vw, 800px\" \/>\t\t\t\t\t\t\t\t\t\t\t\t\t\t\t<\/div>\n\t\t\t\t<\/div>\n\t\t\t\t<div class=\"elementor-element elementor-element-656fc41 elementor-widget elementor-widget-heading\" data-id=\"656fc41\" data-element_type=\"widget\" data-widget_type=\"heading.default\">\n\t\t\t\t<div class=\"elementor-widget-container\">\n\t\t\t\t\t<h2 class=\"elementor-heading-title elementor-size-default\">HEBESCHIEBESYSTEME<\/h2>\t\t\t\t<\/div>\n\t\t\t\t<\/div>\n\t\t\t\t<div class=\"elementor-element elementor-element-804a951 elementor-widget elementor-widget-text-editor\" data-id=\"804a951\" data-element_type=\"widget\" data-widget_type=\"text-editor.default\">\n\t\t\t\t<div class=\"elementor-widget-container\">\n\t\t\t\t\t\t\t\t\t<p>Eine gro\u00dfe Auswahl an verschiedenen Systemen f\u00fcr den Au\u00dfen- und Innenbereich sowie zus\u00e4tzliche Komponenten erm\u00f6glicht es, die individuellen Bed\u00fcrfnisse der Kunden einfach zu erf\u00fcllen.<\/p>\n\t\t\t\t\t\t\t\t<\/div>\n\t\t\t\t<\/div>\n\t\t\t\t<div class=\"elementor-element elementor-element-e2b057a elementor-widget elementor-widget-button\" data-id=\"e2b057a\" data-element_type=\"widget\" data-widget_type=\"button.default\">\n\t\t\t\t<div class=\"elementor-widget-container\">\n\t\t\t\t\t\t\t\t\t<div class=\"elementor-button-wrapper\">\n\t\t\t\t\t<a class=\"elementor-button elementor-button-link elementor-size-sm\" href=\"#\">\n\t\t\t\t\t\t<span class=\"elementor-button-content-wrapper\">\n\t\t\t\t\t\t\t\t\t<span class=\"elementor-button-text\">Erfahren Sie mehr<\/span>\n\t\t\t\t\t<\/span>\n\t\t\t\t\t<\/a>\n\t\t\t\t<\/div>\n\t\t\t\t\t\t\t\t<\/div>\n\t\t\t\t<\/div>\n\t\t\t\t\t<\/div>\n\t\t<\/div>\n\t\t\t\t\t<\/div>\n\t\t<\/section>\n\t\t\t\t<section class=\"elementor-section elementor-top-section elementor-element elementor-element-e5833bf elementor-section-full_width elementor-section-height-default elementor-section-height-default\" data-id=\"e5833bf\" data-element_type=\"section\">\n\t\t\t\t\t\t<div class=\"elementor-container elementor-column-gap-default\">\n\t\t\t\t\t\t<\/div>\n\t\t<\/section>\n\t\t\t\t<\/div>\n\t\t","protected":false},"excerpt":{"rendered":"<p>ALU SCHIEBEW\u00c4NDE Schiebew\u00e4nde sind besonders geeignet, wenn Sie den Raum in Ihrem Zuhause optimal nutzen m\u00f6chten. Das \u00d6ffnungssystem ist einfach und h\u00f6chst funktional, da es jeden Zentimeter des genutzten Raums spart. Schiebew\u00e4nde sind ideal als Panoramafenster, aber auch zur Verbindung von Innen- und Au\u00dfenbereichen, als Zugang zu Balkon, Terrasse oder Garten. Genau darin liegt die [&hellip;]<\/p>\n","protected":false},"author":1,"featured_media":0,"parent":0,"menu_order":0,"comment_status":"closed","ping_status":"closed","template":"","meta":{"_acf_changed":false,"footnotes":""},"class_list":["post-5251","page","type-page","status-publish","hentry"],"acf":[],"yoast_head":"<!-- This site is optimized with the Yoast SEO plugin v26.7 - https:\/\/yoast.com\/wordpress\/plugins\/seo\/ -->\n<title>ALU-Schiebew\u00e4nde - IKS Fenster<\/title>\n<meta name=\"description\" content=\"Schiebew\u00e4nde eignen sich ideal als Panoramafenster, aber auch zur Verbindung von Innen- und Au\u00dfenbereichen. Sie k\u00f6nnen sowohl schiebbar als auch hebeschiebbar sein.\" \/>\n<meta name=\"robots\" content=\"index, follow, max-snippet:-1, max-image-preview:large, max-video-preview:-1\" \/>\n<link rel=\"canonical\" href=\"https:\/\/www.iks-fenster.hr\/de\/alu-schiebewaende\/\" \/>\n<meta property=\"og:locale\" content=\"de_DE\" \/>\n<meta property=\"og:type\" content=\"article\" \/>\n<meta property=\"og:title\" content=\"ALU-Schiebew\u00e4nde - IKS Fenster\" \/>\n<meta property=\"og:description\" content=\"Schiebew\u00e4nde eignen sich ideal als Panoramafenster, aber auch zur Verbindung von Innen- und Au\u00dfenbereichen. Sie k\u00f6nnen sowohl schiebbar als auch hebeschiebbar sein.\" \/>\n<meta property=\"og:url\" content=\"https:\/\/www.iks-fenster.hr\/de\/alu-schiebewaende\/\" \/>\n<meta property=\"og:site_name\" content=\"IKS Fenster\" \/>\n<meta property=\"article:modified_time\" content=\"2024-09-10T12:42:24+00:00\" \/>\n<meta property=\"og:image\" content=\"https:\/\/www.iks-fenster.hr\/wp-content\/uploads\/2023\/04\/IKS-Klizne-stijene-3-1000x600-1.jpg\" \/>\n<meta name=\"twitter:card\" content=\"summary_large_image\" \/>\n<meta name=\"twitter:label1\" content=\"Gesch\u00e4tzte Lesezeit\" \/>\n\t<meta name=\"twitter:data1\" content=\"1\u00a0Minute\" \/>\n<script type=\"application\/ld+json\" class=\"yoast-schema-graph\">{\"@context\":\"https:\/\/schema.org\",\"@graph\":[{\"@type\":\"WebPage\",\"@id\":\"https:\/\/www.iks-fenster.hr\/de\/alu-schiebewaende\/\",\"url\":\"https:\/\/www.iks-fenster.hr\/de\/alu-schiebewaende\/\",\"name\":\"ALU-Schiebew\u00e4nde - IKS Fenster\",\"isPartOf\":{\"@id\":\"https:\/\/www.iks-fenster.hr\/de\/#website\"},\"primaryImageOfPage\":{\"@id\":\"https:\/\/www.iks-fenster.hr\/de\/alu-schiebewaende\/#primaryimage\"},\"image\":{\"@id\":\"https:\/\/www.iks-fenster.hr\/de\/alu-schiebewaende\/#primaryimage\"},\"thumbnailUrl\":\"https:\/\/www.iks-fenster.hr\/wp-content\/uploads\/2023\/04\/IKS-Klizne-stijene-3-1000x600-1.jpg\",\"datePublished\":\"2023-04-06T10:09:05+00:00\",\"dateModified\":\"2024-09-10T12:42:24+00:00\",\"description\":\"Schiebew\u00e4nde eignen sich ideal als Panoramafenster, aber auch zur Verbindung von Innen- und Au\u00dfenbereichen. Sie k\u00f6nnen sowohl schiebbar als auch hebeschiebbar sein.\",\"breadcrumb\":{\"@id\":\"https:\/\/www.iks-fenster.hr\/de\/alu-schiebewaende\/#breadcrumb\"},\"inLanguage\":\"de\",\"potentialAction\":[{\"@type\":\"ReadAction\",\"target\":[\"https:\/\/www.iks-fenster.hr\/de\/alu-schiebewaende\/\"]}]},{\"@type\":\"ImageObject\",\"inLanguage\":\"de\",\"@id\":\"https:\/\/www.iks-fenster.hr\/de\/alu-schiebewaende\/#primaryimage\",\"url\":\"https:\/\/www.iks-fenster.hr\/wp-content\/uploads\/2023\/04\/IKS-Klizne-stijene-3-1000x600-1.jpg\",\"contentUrl\":\"https:\/\/www.iks-fenster.hr\/wp-content\/uploads\/2023\/04\/IKS-Klizne-stijene-3-1000x600-1.jpg\"},{\"@type\":\"BreadcrumbList\",\"@id\":\"https:\/\/www.iks-fenster.hr\/de\/alu-schiebewaende\/#breadcrumb\",\"itemListElement\":[{\"@type\":\"ListItem\",\"position\":1,\"name\":\"Home\",\"item\":\"https:\/\/www.iks-fenster.hr\/de\/startseite\/\"},{\"@type\":\"ListItem\",\"position\":2,\"name\":\"ALU-Schiebew\u00e4nde\"}]},{\"@type\":\"WebSite\",\"@id\":\"https:\/\/www.iks-fenster.hr\/de\/#website\",\"url\":\"https:\/\/www.iks-fenster.hr\/de\/\",\"name\":\"IKS Fenster\",\"description\":\"\",\"publisher\":{\"@id\":\"https:\/\/www.iks-fenster.hr\/de\/#organization\"},\"potentialAction\":[{\"@type\":\"SearchAction\",\"target\":{\"@type\":\"EntryPoint\",\"urlTemplate\":\"https:\/\/www.iks-fenster.hr\/de\/?s={search_term_string}\"},\"query-input\":{\"@type\":\"PropertyValueSpecification\",\"valueRequired\":true,\"valueName\":\"search_term_string\"}}],\"inLanguage\":\"de\"},{\"@type\":\"Organization\",\"@id\":\"https:\/\/www.iks-fenster.hr\/de\/#organization\",\"name\":\"IKS Fenster\",\"url\":\"https:\/\/www.iks-fenster.hr\/de\/\",\"logo\":{\"@type\":\"ImageObject\",\"inLanguage\":\"de\",\"@id\":\"https:\/\/www.iks-fenster.hr\/de\/#\/schema\/logo\/image\/\",\"url\":\"https:\/\/iks-fenster.hr\/wp-content\/uploads\/2021\/03\/IKS-Fenster-Logo.png\",\"contentUrl\":\"https:\/\/iks-fenster.hr\/wp-content\/uploads\/2021\/03\/IKS-Fenster-Logo.png\",\"width\":612,\"height\":236,\"caption\":\"IKS Fenster\"},\"image\":{\"@id\":\"https:\/\/www.iks-fenster.hr\/de\/#\/schema\/logo\/image\/\"}}]}<\/script>\n<!-- \/ Yoast SEO plugin. -->","yoast_head_json":{"title":"ALU-Schiebew\u00e4nde - IKS Fenster","description":"Schiebew\u00e4nde eignen sich ideal als Panoramafenster, aber auch zur Verbindung von Innen- und Au\u00dfenbereichen. Sie k\u00f6nnen sowohl schiebbar als auch hebeschiebbar sein.","robots":{"index":"index","follow":"follow","max-snippet":"max-snippet:-1","max-image-preview":"max-image-preview:large","max-video-preview":"max-video-preview:-1"},"canonical":"https:\/\/www.iks-fenster.hr\/de\/alu-schiebewaende\/","og_locale":"de_DE","og_type":"article","og_title":"ALU-Schiebew\u00e4nde - IKS Fenster","og_description":"Schiebew\u00e4nde eignen sich ideal als Panoramafenster, aber auch zur Verbindung von Innen- und Au\u00dfenbereichen. Sie k\u00f6nnen sowohl schiebbar als auch hebeschiebbar sein.","og_url":"https:\/\/www.iks-fenster.hr\/de\/alu-schiebewaende\/","og_site_name":"IKS Fenster","article_modified_time":"2024-09-10T12:42:24+00:00","og_image":[{"url":"https:\/\/www.iks-fenster.hr\/wp-content\/uploads\/2023\/04\/IKS-Klizne-stijene-3-1000x600-1.jpg","type":"","width":"","height":""}],"twitter_card":"summary_large_image","twitter_misc":{"Gesch\u00e4tzte Lesezeit":"1\u00a0Minute"},"schema":{"@context":"https:\/\/schema.org","@graph":[{"@type":"WebPage","@id":"https:\/\/www.iks-fenster.hr\/de\/alu-schiebewaende\/","url":"https:\/\/www.iks-fenster.hr\/de\/alu-schiebewaende\/","name":"ALU-Schiebew\u00e4nde - IKS Fenster","isPartOf":{"@id":"https:\/\/www.iks-fenster.hr\/de\/#website"},"primaryImageOfPage":{"@id":"https:\/\/www.iks-fenster.hr\/de\/alu-schiebewaende\/#primaryimage"},"image":{"@id":"https:\/\/www.iks-fenster.hr\/de\/alu-schiebewaende\/#primaryimage"},"thumbnailUrl":"https:\/\/www.iks-fenster.hr\/wp-content\/uploads\/2023\/04\/IKS-Klizne-stijene-3-1000x600-1.jpg","datePublished":"2023-04-06T10:09:05+00:00","dateModified":"2024-09-10T12:42:24+00:00","description":"Schiebew\u00e4nde eignen sich ideal als Panoramafenster, aber auch zur Verbindung von Innen- und Au\u00dfenbereichen. Sie k\u00f6nnen sowohl schiebbar als auch hebeschiebbar sein.","breadcrumb":{"@id":"https:\/\/www.iks-fenster.hr\/de\/alu-schiebewaende\/#breadcrumb"},"inLanguage":"de","potentialAction":[{"@type":"ReadAction","target":["https:\/\/www.iks-fenster.hr\/de\/alu-schiebewaende\/"]}]},{"@type":"ImageObject","inLanguage":"de","@id":"https:\/\/www.iks-fenster.hr\/de\/alu-schiebewaende\/#primaryimage","url":"https:\/\/www.iks-fenster.hr\/wp-content\/uploads\/2023\/04\/IKS-Klizne-stijene-3-1000x600-1.jpg","contentUrl":"https:\/\/www.iks-fenster.hr\/wp-content\/uploads\/2023\/04\/IKS-Klizne-stijene-3-1000x600-1.jpg"},{"@type":"BreadcrumbList","@id":"https:\/\/www.iks-fenster.hr\/de\/alu-schiebewaende\/#breadcrumb","itemListElement":[{"@type":"ListItem","position":1,"name":"Home","item":"https:\/\/www.iks-fenster.hr\/de\/startseite\/"},{"@type":"ListItem","position":2,"name":"ALU-Schiebew\u00e4nde"}]},{"@type":"WebSite","@id":"https:\/\/www.iks-fenster.hr\/de\/#website","url":"https:\/\/www.iks-fenster.hr\/de\/","name":"IKS Fenster","description":"","publisher":{"@id":"https:\/\/www.iks-fenster.hr\/de\/#organization"},"potentialAction":[{"@type":"SearchAction","target":{"@type":"EntryPoint","urlTemplate":"https:\/\/www.iks-fenster.hr\/de\/?s={search_term_string}"},"query-input":{"@type":"PropertyValueSpecification","valueRequired":true,"valueName":"search_term_string"}}],"inLanguage":"de"},{"@type":"Organization","@id":"https:\/\/www.iks-fenster.hr\/de\/#organization","name":"IKS Fenster","url":"https:\/\/www.iks-fenster.hr\/de\/","logo":{"@type":"ImageObject","inLanguage":"de","@id":"https:\/\/www.iks-fenster.hr\/de\/#\/schema\/logo\/image\/","url":"https:\/\/iks-fenster.hr\/wp-content\/uploads\/2021\/03\/IKS-Fenster-Logo.png","contentUrl":"https:\/\/iks-fenster.hr\/wp-content\/uploads\/2021\/03\/IKS-Fenster-Logo.png","width":612,"height":236,"caption":"IKS Fenster"},"image":{"@id":"https:\/\/www.iks-fenster.hr\/de\/#\/schema\/logo\/image\/"}}]}},"_links":{"self":[{"href":"https:\/\/www.iks-fenster.hr\/de\/wp-json\/wp\/v2\/pages\/5251","targetHints":{"allow":["GET"]}}],"collection":[{"href":"https:\/\/www.iks-fenster.hr\/de\/wp-json\/wp\/v2\/pages"}],"about":[{"href":"https:\/\/www.iks-fenster.hr\/de\/wp-json\/wp\/v2\/types\/page"}],"author":[{"embeddable":true,"href":"https:\/\/www.iks-fenster.hr\/de\/wp-json\/wp\/v2\/users\/1"}],"replies":[{"embeddable":true,"href":"https:\/\/www.iks-fenster.hr\/de\/wp-json\/wp\/v2\/comments?post=5251"}],"version-history":[{"count":1,"href":"https:\/\/www.iks-fenster.hr\/de\/wp-json\/wp\/v2\/pages\/5251\/revisions"}],"predecessor-version":[{"id":5252,"href":"https:\/\/www.iks-fenster.hr\/de\/wp-json\/wp\/v2\/pages\/5251\/revisions\/5252"}],"wp:attachment":[{"href":"https:\/\/www.iks-fenster.hr\/de\/wp-json\/wp\/v2\/media?parent=5251"}],"curies":[{"name":"wp","href":"https:\/\/api.w.org\/{rel}","templated":true}]}}