{"id":5255,"date":"2023-04-03T13:34:26","date_gmt":"2023-04-03T13:34:26","guid":{"rendered":"https:\/\/www.iks-fenster.hr\/venetianer\/"},"modified":"2024-09-11T13:44:09","modified_gmt":"2024-09-11T13:44:09","slug":"venetianer","status":"publish","type":"page","link":"https:\/\/www.iks-fenster.hr\/de\/ausruestung\/venetianer\/","title":{"rendered":"Venetianer"},"content":{"rendered":"\t\t<div data-elementor-type=\"wp-page\" data-elementor-id=\"5255\" class=\"elementor elementor-5255 elementor-2477\" data-elementor-post-type=\"page\">\n\t\t\t\t\t\t<section class=\"elementor-section elementor-top-section elementor-element elementor-element-4e56e95 elementor-section-height-min-height elementor-section-full_width elementor-section-items-bottom elementor-section-content-bottom elementor-section-height-default\" data-id=\"4e56e95\" data-element_type=\"section\" data-settings=\"{&quot;background_background&quot;:&quot;classic&quot;}\">\n\t\t\t\t\t\t<div class=\"elementor-container elementor-column-gap-default\">\n\t\t\t\t\t<div class=\"elementor-column elementor-col-50 elementor-top-column elementor-element elementor-element-abc71db\" data-id=\"abc71db\" data-element_type=\"column\" data-settings=\"{&quot;background_background&quot;:&quot;classic&quot;}\">\n\t\t\t<div class=\"elementor-widget-wrap elementor-element-populated\">\n\t\t\t\t\t\t<div class=\"elementor-element elementor-element-814f14e elementor-widget elementor-widget-image\" data-id=\"814f14e\" data-element_type=\"widget\" data-widget_type=\"image.default\">\n\t\t\t\t<div class=\"elementor-widget-container\">\n\t\t\t\t\t\t\t\t\t\t\t\t\t\t\t<img fetchpriority=\"high\" decoding=\"async\" width=\"800\" height=\"480\" src=\"https:\/\/www.iks-fenster.hr\/wp-content\/uploads\/2023\/05\/IKS-.venecijaneri2.jpg\" class=\"attachment-large size-large wp-image-5097\" alt=\"\" srcset=\"https:\/\/www.iks-fenster.hr\/wp-content\/uploads\/2023\/05\/IKS-.venecijaneri2.jpg 1000w, https:\/\/www.iks-fenster.hr\/wp-content\/uploads\/2023\/05\/IKS-.venecijaneri2-300x180.jpg 300w, https:\/\/www.iks-fenster.hr\/wp-content\/uploads\/2023\/05\/IKS-.venecijaneri2-768x461.jpg 768w\" sizes=\"(max-width: 800px) 100vw, 800px\" \/>\t\t\t\t\t\t\t\t\t\t\t\t\t\t\t<\/div>\n\t\t\t\t<\/div>\n\t\t\t\t\t<\/div>\n\t\t<\/div>\n\t\t\t\t<div class=\"elementor-column elementor-col-50 elementor-top-column elementor-element elementor-element-acd84a1\" data-id=\"acd84a1\" data-element_type=\"column\">\n\t\t\t<div class=\"elementor-widget-wrap elementor-element-populated\">\n\t\t\t\t\t\t<div class=\"elementor-element elementor-element-2eda744 elementor-widget elementor-widget-heading\" data-id=\"2eda744\" data-element_type=\"widget\" data-widget_type=\"heading.default\">\n\t\t\t\t<div class=\"elementor-widget-container\">\n\t\t\t\t\t<h4 class=\"elementor-heading-title elementor-size-default\">AUSSTATTUNG<\/h4>\t\t\t\t<\/div>\n\t\t\t\t<\/div>\n\t\t\t\t<div class=\"elementor-element elementor-element-1cc01c6 elementor-widget elementor-widget-heading\" data-id=\"1cc01c6\" data-element_type=\"widget\" data-widget_type=\"heading.default\">\n\t\t\t\t<div class=\"elementor-widget-container\">\n\t\t\t\t\t<h1 class=\"elementor-heading-title elementor-size-default\">VENETIANER<\/h1>\t\t\t\t<\/div>\n\t\t\t\t<\/div>\n\t\t\t\t<div class=\"elementor-element elementor-element-7aca65f elementor-widget elementor-widget-text-editor\" data-id=\"7aca65f\" data-element_type=\"widget\" data-widget_type=\"text-editor.default\">\n\t\t\t\t<div class=\"elementor-widget-container\">\n\t\t\t\t\t\t\t\t\t<p>Venetianer oder Innenjalousien sind Sonnenschutzsysteme, die aus Aluminiumlamellen bestehen, die mit Schn\u00fcren verbunden sind. Sie k\u00f6nnen angehoben, abgesenkt und gedreht werden, bis sie vollst\u00e4ndig geschlossen sind, um die Lichtmenge im Raum zu regulieren. Neben der stufenweisen Regulierung des Tageslichts erm\u00f6glichen sie Bel\u00fcftung und bieten vollst\u00e4ndigen Schutz vor unerw\u00fcnschten Blicken von au\u00dfen. Die Aluminiumlamellen der Venetianer gew\u00e4hrleisten Form- und Farbbest\u00e4ndigkeit.   <\/p>\n\t\t\t\t\t\t\t\t<\/div>\n\t\t\t\t<\/div>\n\t\t\t\t\t<\/div>\n\t\t<\/div>\n\t\t\t\t\t<\/div>\n\t\t<\/section>\n\t\t\t\t<section class=\"elementor-section elementor-top-section elementor-element elementor-element-cab2e3f elementor-section-boxed elementor-section-height-default elementor-section-height-default\" data-id=\"cab2e3f\" data-element_type=\"section\" data-settings=\"{&quot;background_background&quot;:&quot;classic&quot;}\">\n\t\t\t\t\t\t<div class=\"elementor-container elementor-column-gap-default\">\n\t\t\t\t\t<div class=\"elementor-column elementor-col-33 elementor-top-column elementor-element elementor-element-c89cfeb\" data-id=\"c89cfeb\" data-element_type=\"column\">\n\t\t\t<div class=\"elementor-widget-wrap elementor-element-populated\">\n\t\t\t\t\t\t<div class=\"elementor-element elementor-element-9786665 elementor-widget elementor-widget-image\" data-id=\"9786665\" data-element_type=\"widget\" data-widget_type=\"image.default\">\n\t\t\t\t<div class=\"elementor-widget-container\">\n\t\t\t\t\t\t\t\t\t\t\t\t\t\t\t<img decoding=\"async\" width=\"234\" height=\"204\" src=\"https:\/\/www.iks-fenster.hr\/wp-content\/uploads\/2023\/07\/I-V-regulacija.png\" class=\"attachment-large size-large wp-image-5159\" alt=\"\" \/>\t\t\t\t\t\t\t\t\t\t\t\t\t\t\t<\/div>\n\t\t\t\t<\/div>\n\t\t\t\t<div class=\"elementor-element elementor-element-a76f05f elementor-widget elementor-widget-heading\" data-id=\"a76f05f\" data-element_type=\"widget\" data-widget_type=\"heading.default\">\n\t\t\t\t<div class=\"elementor-widget-container\">\n\t\t\t\t\t<h3 class=\"elementor-heading-title elementor-size-default\">M\u00d6GLICHKEIT DER LICHTREGULIERUNG <\/h3>\t\t\t\t<\/div>\n\t\t\t\t<\/div>\n\t\t\t\t\t<\/div>\n\t\t<\/div>\n\t\t\t\t<div class=\"elementor-column elementor-col-33 elementor-top-column elementor-element elementor-element-8342cd6\" data-id=\"8342cd6\" data-element_type=\"column\">\n\t\t\t<div class=\"elementor-widget-wrap elementor-element-populated\">\n\t\t\t\t\t\t<div class=\"elementor-element elementor-element-877caf4 elementor-widget elementor-widget-image\" data-id=\"877caf4\" data-element_type=\"widget\" data-widget_type=\"image.default\">\n\t\t\t\t<div class=\"elementor-widget-container\">\n\t\t\t\t\t\t\t\t\t\t\t\t\t\t\t<img decoding=\"async\" width=\"235\" height=\"204\" src=\"https:\/\/www.iks-fenster.hr\/wp-content\/uploads\/2023\/07\/I-V-dekoracija.png\" class=\"attachment-large size-large wp-image-5157\" alt=\"\" \/>\t\t\t\t\t\t\t\t\t\t\t\t\t\t\t<\/div>\n\t\t\t\t<\/div>\n\t\t\t\t<div class=\"elementor-element elementor-element-a6d5b14 elementor-widget elementor-widget-heading\" data-id=\"a6d5b14\" data-element_type=\"widget\" data-widget_type=\"heading.default\">\n\t\t\t\t<div class=\"elementor-widget-container\">\n\t\t\t\t\t<h3 class=\"elementor-heading-title elementor-size-default\">INNENRAUMDEKORATION<\/h3>\t\t\t\t<\/div>\n\t\t\t\t<\/div>\n\t\t\t\t\t<\/div>\n\t\t<\/div>\n\t\t\t\t<div class=\"elementor-column elementor-col-33 elementor-top-column elementor-element elementor-element-dccba3f\" data-id=\"dccba3f\" data-element_type=\"column\">\n\t\t\t<div class=\"elementor-widget-wrap elementor-element-populated\">\n\t\t\t\t\t\t<div class=\"elementor-element elementor-element-4ff4466 elementor-widget elementor-widget-image\" data-id=\"4ff4466\" data-element_type=\"widget\" data-widget_type=\"image.default\">\n\t\t\t\t<div class=\"elementor-widget-container\">\n\t\t\t\t\t\t\t\t\t\t\t\t\t\t\t<img loading=\"lazy\" decoding=\"async\" width=\"234\" height=\"204\" src=\"https:\/\/www.iks-fenster.hr\/wp-content\/uploads\/2023\/07\/I-V-otvaranje.png\" class=\"attachment-large size-large wp-image-5158\" alt=\"\" \/>\t\t\t\t\t\t\t\t\t\t\t\t\t\t\t<\/div>\n\t\t\t\t<\/div>\n\t\t\t\t<div class=\"elementor-element elementor-element-287de77 elementor-widget elementor-widget-heading\" data-id=\"287de77\" data-element_type=\"widget\" data-widget_type=\"heading.default\">\n\t\t\t\t<div class=\"elementor-widget-container\">\n\t\t\t\t\t<h3 class=\"elementor-heading-title elementor-size-default\">STUFENWEISES \u00d6FFNEN UND SCHLIESSEN <\/h3>\t\t\t\t<\/div>\n\t\t\t\t<\/div>\n\t\t\t\t\t<\/div>\n\t\t<\/div>\n\t\t\t\t\t<\/div>\n\t\t<\/section>\n\t\t\t\t<section class=\"elementor-section elementor-top-section elementor-element elementor-element-44c2584 elementor-section-boxed elementor-section-height-default elementor-section-height-default\" data-id=\"44c2584\" data-element_type=\"section\" data-settings=\"{&quot;background_background&quot;:&quot;classic&quot;}\">\n\t\t\t\t\t\t<div class=\"elementor-container elementor-column-gap-wide\">\n\t\t\t\t\t<div class=\"elementor-column elementor-col-25 elementor-top-column elementor-element elementor-element-fac6e1e\" data-id=\"fac6e1e\" data-element_type=\"column\">\n\t\t\t<div class=\"elementor-widget-wrap\">\n\t\t\t\t\t\t\t<\/div>\n\t\t<\/div>\n\t\t\t\t<div class=\"elementor-column elementor-col-25 elementor-top-column elementor-element elementor-element-bbf6ac0\" data-id=\"bbf6ac0\" data-element_type=\"column\">\n\t\t\t<div class=\"elementor-widget-wrap elementor-element-populated\">\n\t\t\t\t\t\t<div class=\"elementor-element elementor-element-81d5618 elementor-widget elementor-widget-image\" data-id=\"81d5618\" data-element_type=\"widget\" data-widget_type=\"image.default\">\n\t\t\t\t<div class=\"elementor-widget-container\">\n\t\t\t\t\t\t\t\t\t\t\t\t\t\t\t<img loading=\"lazy\" decoding=\"async\" width=\"234\" height=\"204\" src=\"https:\/\/www.iks-fenster.hr\/wp-content\/uploads\/2023\/07\/I-V-ugradnja.png\" class=\"attachment-large size-large wp-image-5160\" alt=\"\" \/>\t\t\t\t\t\t\t\t\t\t\t\t\t\t\t<\/div>\n\t\t\t\t<\/div>\n\t\t\t\t<div class=\"elementor-element elementor-element-2a8f142 elementor-widget elementor-widget-heading\" data-id=\"2a8f142\" data-element_type=\"widget\" data-widget_type=\"heading.default\">\n\t\t\t\t<div class=\"elementor-widget-container\">\n\t\t\t\t\t<h3 class=\"elementor-heading-title elementor-size-default\">EINFACHE MONTAGE UND PFLEGE<\/h3>\t\t\t\t<\/div>\n\t\t\t\t<\/div>\n\t\t\t\t\t<\/div>\n\t\t<\/div>\n\t\t\t\t<div class=\"elementor-column elementor-col-25 elementor-top-column elementor-element elementor-element-2990cb0\" data-id=\"2990cb0\" data-element_type=\"column\">\n\t\t\t<div class=\"elementor-widget-wrap elementor-element-populated\">\n\t\t\t\t\t\t<div class=\"elementor-element elementor-element-072d400 elementor-widget elementor-widget-image\" data-id=\"072d400\" data-element_type=\"widget\" data-widget_type=\"image.default\">\n\t\t\t\t<div class=\"elementor-widget-container\">\n\t\t\t\t\t\t\t\t\t\t\t\t\t\t\t<img loading=\"lazy\" decoding=\"async\" width=\"232\" height=\"204\" src=\"https:\/\/www.iks-fenster.hr\/wp-content\/uploads\/2023\/07\/I-V-boje.png\" class=\"attachment-large size-large wp-image-5156\" alt=\"\" \/>\t\t\t\t\t\t\t\t\t\t\t\t\t\t\t<\/div>\n\t\t\t\t<\/div>\n\t\t\t\t<div class=\"elementor-element elementor-element-8c38954 elementor-widget elementor-widget-heading\" data-id=\"8c38954\" data-element_type=\"widget\" data-widget_type=\"heading.default\">\n\t\t\t\t<div class=\"elementor-widget-container\">\n\t\t\t\t\t<h3 class=\"elementor-heading-title elementor-size-default\">BREITE FARBPALETTE DER LAMELLEN<\/h3>\t\t\t\t<\/div>\n\t\t\t\t<\/div>\n\t\t\t\t\t<\/div>\n\t\t<\/div>\n\t\t\t\t<div class=\"elementor-column elementor-col-25 elementor-top-column elementor-element elementor-element-e7506cd\" data-id=\"e7506cd\" data-element_type=\"column\">\n\t\t\t<div class=\"elementor-widget-wrap\">\n\t\t\t\t\t\t\t<\/div>\n\t\t<\/div>\n\t\t\t\t\t<\/div>\n\t\t<\/section>\n\t\t\t\t<section class=\"elementor-section elementor-top-section elementor-element elementor-element-d34a314 elementor-reverse-mobile elementor-section-boxed elementor-section-height-default elementor-section-height-default\" data-id=\"d34a314\" data-element_type=\"section\">\n\t\t\t\t\t\t<div class=\"elementor-container elementor-column-gap-default\">\n\t\t\t\t\t<div class=\"elementor-column elementor-col-50 elementor-top-column elementor-element elementor-element-22aaeb2\" data-id=\"22aaeb2\" data-element_type=\"column\">\n\t\t\t<div class=\"elementor-widget-wrap elementor-element-populated\">\n\t\t\t\t\t\t<div class=\"elementor-element elementor-element-5c30f0c elementor-widget elementor-widget-heading\" data-id=\"5c30f0c\" data-element_type=\"widget\" data-widget_type=\"heading.default\">\n\t\t\t\t<div class=\"elementor-widget-container\">\n\t\t\t\t\t<h2 class=\"elementor-heading-title elementor-size-default\">Effektiver Schutz vor Sonne und Blicken<\/h2>\t\t\t\t<\/div>\n\t\t\t\t<\/div>\n\t\t\t\t<div class=\"elementor-element elementor-element-fcb4a8c elementor-widget elementor-widget-text-editor\" data-id=\"fcb4a8c\" data-element_type=\"widget\" data-widget_type=\"text-editor.default\">\n\t\t\t\t<div class=\"elementor-widget-container\">\n\t\t\t\t\t\t\t\t\t<p>Venetianer k\u00f6nnen an PVC-, Aluminium- und Holzfenster angebracht werden. Innenjalousien sind praktisch in allen R\u00e4umen, in denen man zu bestimmten Tageszeiten eine visuelle Barriere nach au\u00dfen schaffen oder auf Vorh\u00e4nge verzichten m\u00f6chte. Sie sind einfach zu bedienen und werden nach Ma\u00df der Fenster gefertigt, an denen sie montiert werden.  <\/p>\n<p>Bei IKS Fenster k\u00f6nnen sie in jeder beliebigen Farbe gem\u00e4\u00df der RAL-Farbkarte des Lieferanten bestellt werden. Sie k\u00f6nnen auch perforiert sein, sodass sie sich m\u00fchelos in Ihr Interieur einf\u00fcgen.<\/p>\t\t\t\t\t\t\t\t<\/div>\n\t\t\t\t<\/div>\n\t\t\t\t\t<\/div>\n\t\t<\/div>\n\t\t\t\t<div class=\"elementor-column elementor-col-50 elementor-top-column elementor-element elementor-element-4eaf6a1\" data-id=\"4eaf6a1\" data-element_type=\"column\">\n\t\t\t<div class=\"elementor-widget-wrap elementor-element-populated\">\n\t\t\t\t\t\t<div class=\"elementor-element elementor-element-2c15a93 elementor-widget elementor-widget-image\" data-id=\"2c15a93\" data-element_type=\"widget\" data-widget_type=\"image.default\">\n\t\t\t\t<div class=\"elementor-widget-container\">\n\t\t\t\t\t\t\t\t\t\t\t\t\t\t\t<img loading=\"lazy\" decoding=\"async\" width=\"1000\" height=\"600\" src=\"https:\/\/www.iks-fenster.hr\/wp-content\/uploads\/2023\/05\/IKS-venecijaneri3.jpg\" class=\"attachment-full size-full wp-image-5096\" alt=\"\" srcset=\"https:\/\/www.iks-fenster.hr\/wp-content\/uploads\/2023\/05\/IKS-venecijaneri3.jpg 1000w, https:\/\/www.iks-fenster.hr\/wp-content\/uploads\/2023\/05\/IKS-venecijaneri3-300x180.jpg 300w, https:\/\/www.iks-fenster.hr\/wp-content\/uploads\/2023\/05\/IKS-venecijaneri3-768x461.jpg 768w\" sizes=\"(max-width: 1000px) 100vw, 1000px\" \/>\t\t\t\t\t\t\t\t\t\t\t\t\t\t\t<\/div>\n\t\t\t\t<\/div>\n\t\t\t\t\t<\/div>\n\t\t<\/div>\n\t\t\t\t\t<\/div>\n\t\t<\/section>\n\t\t\t\t<section class=\"elementor-section elementor-top-section elementor-element elementor-element-e5833bf elementor-section-full_width elementor-section-height-default elementor-section-height-default\" data-id=\"e5833bf\" data-element_type=\"section\">\n\t\t\t\t\t\t<div class=\"elementor-container elementor-column-gap-default\">\n\t\t\t\t\t\t<\/div>\n\t\t<\/section>\n\t\t\t\t<\/div>\n\t\t","protected":false},"excerpt":{"rendered":"<p>AUSSTATTUNG VENETIANER Venetianer oder Innenjalousien sind Sonnenschutzsysteme, die aus Aluminiumlamellen bestehen, die mit Schn\u00fcren verbunden sind. Sie k\u00f6nnen angehoben, abgesenkt und gedreht werden, bis sie vollst\u00e4ndig geschlossen sind, um die Lichtmenge im Raum zu regulieren. Neben der stufenweisen Regulierung des Tageslichts erm\u00f6glichen sie Bel\u00fcftung und bieten vollst\u00e4ndigen Schutz vor unerw\u00fcnschten Blicken von au\u00dfen. Die Aluminiumlamellen [&hellip;]<\/p>\n","protected":false},"author":1,"featured_media":0,"parent":5297,"menu_order":0,"comment_status":"closed","ping_status":"closed","template":"","meta":{"_acf_changed":false,"footnotes":""},"class_list":["post-5255","page","type-page","status-publish","hentry"],"acf":[],"yoast_head":"<!-- This site is optimized with the Yoast SEO plugin v26.7 - https:\/\/yoast.com\/wordpress\/plugins\/seo\/ -->\n<title>Venetianer - IKS Fenster<\/title>\n<meta name=\"description\" content=\"Sie k\u00f6nnen sie in jeder Farbe gem\u00e4\u00df der RAL-Karte bestellen, sie k\u00f6nnen auch perforiert werden, sodass sie problemlos in Ihr Interieur passen.\" \/>\n<meta name=\"robots\" content=\"index, follow, max-snippet:-1, max-image-preview:large, max-video-preview:-1\" \/>\n<link rel=\"canonical\" href=\"https:\/\/www.iks-fenster.hr\/de\/ausruestung\/venetianer\/\" \/>\n<meta property=\"og:locale\" content=\"de_DE\" \/>\n<meta property=\"og:type\" content=\"article\" \/>\n<meta property=\"og:title\" content=\"Venetianer - IKS Fenster\" \/>\n<meta property=\"og:description\" content=\"Sie k\u00f6nnen sie in jeder Farbe gem\u00e4\u00df der RAL-Karte bestellen, sie k\u00f6nnen auch perforiert werden, sodass sie problemlos in Ihr Interieur passen.\" \/>\n<meta property=\"og:url\" content=\"https:\/\/www.iks-fenster.hr\/de\/ausruestung\/venetianer\/\" \/>\n<meta property=\"og:site_name\" content=\"IKS Fenster\" \/>\n<meta property=\"article:modified_time\" content=\"2024-09-11T13:44:09+00:00\" \/>\n<meta property=\"og:image\" content=\"https:\/\/www.iks-fenster.hr\/wp-content\/uploads\/2023\/05\/IKS-.venecijaneri2.jpg\" \/>\n<meta name=\"twitter:card\" content=\"summary_large_image\" \/>\n<meta name=\"twitter:label1\" content=\"Gesch\u00e4tzte Lesezeit\" \/>\n\t<meta name=\"twitter:data1\" content=\"1\u00a0Minute\" \/>\n<script type=\"application\/ld+json\" class=\"yoast-schema-graph\">{\"@context\":\"https:\/\/schema.org\",\"@graph\":[{\"@type\":\"WebPage\",\"@id\":\"https:\/\/www.iks-fenster.hr\/de\/ausruestung\/venetianer\/\",\"url\":\"https:\/\/www.iks-fenster.hr\/de\/ausruestung\/venetianer\/\",\"name\":\"Venetianer - IKS Fenster\",\"isPartOf\":{\"@id\":\"https:\/\/www.iks-fenster.hr\/de\/#website\"},\"primaryImageOfPage\":{\"@id\":\"https:\/\/www.iks-fenster.hr\/de\/ausruestung\/venetianer\/#primaryimage\"},\"image\":{\"@id\":\"https:\/\/www.iks-fenster.hr\/de\/ausruestung\/venetianer\/#primaryimage\"},\"thumbnailUrl\":\"https:\/\/www.iks-fenster.hr\/wp-content\/uploads\/2023\/05\/IKS-.venecijaneri2.jpg\",\"datePublished\":\"2023-04-03T13:34:26+00:00\",\"dateModified\":\"2024-09-11T13:44:09+00:00\",\"description\":\"Sie k\u00f6nnen sie in jeder Farbe gem\u00e4\u00df der RAL-Karte bestellen, sie k\u00f6nnen auch perforiert werden, sodass sie problemlos in Ihr Interieur passen.\",\"breadcrumb\":{\"@id\":\"https:\/\/www.iks-fenster.hr\/de\/ausruestung\/venetianer\/#breadcrumb\"},\"inLanguage\":\"de\",\"potentialAction\":[{\"@type\":\"ReadAction\",\"target\":[\"https:\/\/www.iks-fenster.hr\/de\/ausruestung\/venetianer\/\"]}]},{\"@type\":\"ImageObject\",\"inLanguage\":\"de\",\"@id\":\"https:\/\/www.iks-fenster.hr\/de\/ausruestung\/venetianer\/#primaryimage\",\"url\":\"https:\/\/www.iks-fenster.hr\/wp-content\/uploads\/2023\/05\/IKS-.venecijaneri2.jpg\",\"contentUrl\":\"https:\/\/www.iks-fenster.hr\/wp-content\/uploads\/2023\/05\/IKS-.venecijaneri2.jpg\"},{\"@type\":\"BreadcrumbList\",\"@id\":\"https:\/\/www.iks-fenster.hr\/de\/ausruestung\/venetianer\/#breadcrumb\",\"itemListElement\":[{\"@type\":\"ListItem\",\"position\":1,\"name\":\"Home\",\"item\":\"https:\/\/www.iks-fenster.hr\/de\/startseite\/\"},{\"@type\":\"ListItem\",\"position\":2,\"name\":\"Ausr\u00fcstung\",\"item\":\"https:\/\/www.iks-fenster.hr\/de\/ausruestung\/\"},{\"@type\":\"ListItem\",\"position\":3,\"name\":\"Venetianer\"}]},{\"@type\":\"WebSite\",\"@id\":\"https:\/\/www.iks-fenster.hr\/de\/#website\",\"url\":\"https:\/\/www.iks-fenster.hr\/de\/\",\"name\":\"IKS Fenster\",\"description\":\"\",\"publisher\":{\"@id\":\"https:\/\/www.iks-fenster.hr\/de\/#organization\"},\"potentialAction\":[{\"@type\":\"SearchAction\",\"target\":{\"@type\":\"EntryPoint\",\"urlTemplate\":\"https:\/\/www.iks-fenster.hr\/de\/?s={search_term_string}\"},\"query-input\":{\"@type\":\"PropertyValueSpecification\",\"valueRequired\":true,\"valueName\":\"search_term_string\"}}],\"inLanguage\":\"de\"},{\"@type\":\"Organization\",\"@id\":\"https:\/\/www.iks-fenster.hr\/de\/#organization\",\"name\":\"IKS Fenster\",\"url\":\"https:\/\/www.iks-fenster.hr\/de\/\",\"logo\":{\"@type\":\"ImageObject\",\"inLanguage\":\"de\",\"@id\":\"https:\/\/www.iks-fenster.hr\/de\/#\/schema\/logo\/image\/\",\"url\":\"https:\/\/iks-fenster.hr\/wp-content\/uploads\/2021\/03\/IKS-Fenster-Logo.png\",\"contentUrl\":\"https:\/\/iks-fenster.hr\/wp-content\/uploads\/2021\/03\/IKS-Fenster-Logo.png\",\"width\":612,\"height\":236,\"caption\":\"IKS Fenster\"},\"image\":{\"@id\":\"https:\/\/www.iks-fenster.hr\/de\/#\/schema\/logo\/image\/\"}}]}<\/script>\n<!-- \/ Yoast SEO plugin. -->","yoast_head_json":{"title":"Venetianer - IKS Fenster","description":"Sie k\u00f6nnen sie in jeder Farbe gem\u00e4\u00df der RAL-Karte bestellen, sie k\u00f6nnen auch perforiert werden, sodass sie problemlos in Ihr Interieur passen.","robots":{"index":"index","follow":"follow","max-snippet":"max-snippet:-1","max-image-preview":"max-image-preview:large","max-video-preview":"max-video-preview:-1"},"canonical":"https:\/\/www.iks-fenster.hr\/de\/ausruestung\/venetianer\/","og_locale":"de_DE","og_type":"article","og_title":"Venetianer - IKS Fenster","og_description":"Sie k\u00f6nnen sie in jeder Farbe gem\u00e4\u00df der RAL-Karte bestellen, sie k\u00f6nnen auch perforiert werden, sodass sie problemlos in Ihr Interieur passen.","og_url":"https:\/\/www.iks-fenster.hr\/de\/ausruestung\/venetianer\/","og_site_name":"IKS Fenster","article_modified_time":"2024-09-11T13:44:09+00:00","og_image":[{"url":"https:\/\/www.iks-fenster.hr\/wp-content\/uploads\/2023\/05\/IKS-.venecijaneri2.jpg","type":"","width":"","height":""}],"twitter_card":"summary_large_image","twitter_misc":{"Gesch\u00e4tzte Lesezeit":"1\u00a0Minute"},"schema":{"@context":"https:\/\/schema.org","@graph":[{"@type":"WebPage","@id":"https:\/\/www.iks-fenster.hr\/de\/ausruestung\/venetianer\/","url":"https:\/\/www.iks-fenster.hr\/de\/ausruestung\/venetianer\/","name":"Venetianer - IKS Fenster","isPartOf":{"@id":"https:\/\/www.iks-fenster.hr\/de\/#website"},"primaryImageOfPage":{"@id":"https:\/\/www.iks-fenster.hr\/de\/ausruestung\/venetianer\/#primaryimage"},"image":{"@id":"https:\/\/www.iks-fenster.hr\/de\/ausruestung\/venetianer\/#primaryimage"},"thumbnailUrl":"https:\/\/www.iks-fenster.hr\/wp-content\/uploads\/2023\/05\/IKS-.venecijaneri2.jpg","datePublished":"2023-04-03T13:34:26+00:00","dateModified":"2024-09-11T13:44:09+00:00","description":"Sie k\u00f6nnen sie in jeder Farbe gem\u00e4\u00df der RAL-Karte bestellen, sie k\u00f6nnen auch perforiert werden, sodass sie problemlos in Ihr Interieur passen.","breadcrumb":{"@id":"https:\/\/www.iks-fenster.hr\/de\/ausruestung\/venetianer\/#breadcrumb"},"inLanguage":"de","potentialAction":[{"@type":"ReadAction","target":["https:\/\/www.iks-fenster.hr\/de\/ausruestung\/venetianer\/"]}]},{"@type":"ImageObject","inLanguage":"de","@id":"https:\/\/www.iks-fenster.hr\/de\/ausruestung\/venetianer\/#primaryimage","url":"https:\/\/www.iks-fenster.hr\/wp-content\/uploads\/2023\/05\/IKS-.venecijaneri2.jpg","contentUrl":"https:\/\/www.iks-fenster.hr\/wp-content\/uploads\/2023\/05\/IKS-.venecijaneri2.jpg"},{"@type":"BreadcrumbList","@id":"https:\/\/www.iks-fenster.hr\/de\/ausruestung\/venetianer\/#breadcrumb","itemListElement":[{"@type":"ListItem","position":1,"name":"Home","item":"https:\/\/www.iks-fenster.hr\/de\/startseite\/"},{"@type":"ListItem","position":2,"name":"Ausr\u00fcstung","item":"https:\/\/www.iks-fenster.hr\/de\/ausruestung\/"},{"@type":"ListItem","position":3,"name":"Venetianer"}]},{"@type":"WebSite","@id":"https:\/\/www.iks-fenster.hr\/de\/#website","url":"https:\/\/www.iks-fenster.hr\/de\/","name":"IKS Fenster","description":"","publisher":{"@id":"https:\/\/www.iks-fenster.hr\/de\/#organization"},"potentialAction":[{"@type":"SearchAction","target":{"@type":"EntryPoint","urlTemplate":"https:\/\/www.iks-fenster.hr\/de\/?s={search_term_string}"},"query-input":{"@type":"PropertyValueSpecification","valueRequired":true,"valueName":"search_term_string"}}],"inLanguage":"de"},{"@type":"Organization","@id":"https:\/\/www.iks-fenster.hr\/de\/#organization","name":"IKS Fenster","url":"https:\/\/www.iks-fenster.hr\/de\/","logo":{"@type":"ImageObject","inLanguage":"de","@id":"https:\/\/www.iks-fenster.hr\/de\/#\/schema\/logo\/image\/","url":"https:\/\/iks-fenster.hr\/wp-content\/uploads\/2021\/03\/IKS-Fenster-Logo.png","contentUrl":"https:\/\/iks-fenster.hr\/wp-content\/uploads\/2021\/03\/IKS-Fenster-Logo.png","width":612,"height":236,"caption":"IKS Fenster"},"image":{"@id":"https:\/\/www.iks-fenster.hr\/de\/#\/schema\/logo\/image\/"}}]}},"_links":{"self":[{"href":"https:\/\/www.iks-fenster.hr\/de\/wp-json\/wp\/v2\/pages\/5255","targetHints":{"allow":["GET"]}}],"collection":[{"href":"https:\/\/www.iks-fenster.hr\/de\/wp-json\/wp\/v2\/pages"}],"about":[{"href":"https:\/\/www.iks-fenster.hr\/de\/wp-json\/wp\/v2\/types\/page"}],"author":[{"embeddable":true,"href":"https:\/\/www.iks-fenster.hr\/de\/wp-json\/wp\/v2\/users\/1"}],"replies":[{"embeddable":true,"href":"https:\/\/www.iks-fenster.hr\/de\/wp-json\/wp\/v2\/comments?post=5255"}],"version-history":[{"count":1,"href":"https:\/\/www.iks-fenster.hr\/de\/wp-json\/wp\/v2\/pages\/5255\/revisions"}],"predecessor-version":[{"id":5256,"href":"https:\/\/www.iks-fenster.hr\/de\/wp-json\/wp\/v2\/pages\/5255\/revisions\/5256"}],"up":[{"embeddable":true,"href":"https:\/\/www.iks-fenster.hr\/de\/wp-json\/wp\/v2\/pages\/5297"}],"wp:attachment":[{"href":"https:\/\/www.iks-fenster.hr\/de\/wp-json\/wp\/v2\/media?parent=5255"}],"curies":[{"name":"wp","href":"https:\/\/api.w.org\/{rel}","templated":true}]}}