{"id":5301,"date":"2023-03-01T13:49:54","date_gmt":"2023-03-01T13:49:54","guid":{"rendered":"https:\/\/www.iks-fenster.hr\/pvc-schiebetueren\/"},"modified":"2024-09-11T13:49:31","modified_gmt":"2024-09-11T13:49:31","slug":"pvc-schiebetueren","status":"publish","type":"page","link":"https:\/\/www.iks-fenster.hr\/de\/pvc-schiebetueren\/","title":{"rendered":"PVC Schiebet\u00fcren"},"content":{"rendered":"\t\t<div data-elementor-type=\"wp-page\" data-elementor-id=\"5301\" class=\"elementor elementor-5301 elementor-1905\" data-elementor-post-type=\"page\">\n\t\t\t\t\t\t<section class=\"elementor-section elementor-top-section elementor-element elementor-element-5b9d7cb elementor-section-height-min-height elementor-section-full_width elementor-section-items-bottom elementor-section-content-bottom elementor-section-height-default\" data-id=\"5b9d7cb\" data-element_type=\"section\" data-settings=\"{&quot;background_background&quot;:&quot;classic&quot;}\">\n\t\t\t\t\t\t<div class=\"elementor-container elementor-column-gap-default\">\n\t\t\t\t\t<div class=\"elementor-column elementor-col-50 elementor-top-column elementor-element elementor-element-7b50fdf\" data-id=\"7b50fdf\" data-element_type=\"column\">\n\t\t\t<div class=\"elementor-widget-wrap elementor-element-populated\">\n\t\t\t\t\t\t<div class=\"elementor-element elementor-element-2c33116 elementor-hidden-desktop elementor-hidden-tablet elementor-widget elementor-widget-image\" data-id=\"2c33116\" data-element_type=\"widget\" data-widget_type=\"image.default\">\n\t\t\t\t<div class=\"elementor-widget-container\">\n\t\t\t\t\t\t\t\t\t\t\t\t\t\t\t<img fetchpriority=\"high\" decoding=\"async\" width=\"800\" height=\"480\" src=\"https:\/\/www.iks-fenster.hr\/wp-content\/uploads\/2023\/01\/IKS-klizne-stijene-1000x600-1.jpg\" class=\"attachment-large size-large wp-image-4836\" alt=\"\" srcset=\"https:\/\/www.iks-fenster.hr\/wp-content\/uploads\/2023\/01\/IKS-klizne-stijene-1000x600-1.jpg 1000w, https:\/\/www.iks-fenster.hr\/wp-content\/uploads\/2023\/01\/IKS-klizne-stijene-1000x600-1-300x180.jpg 300w, https:\/\/www.iks-fenster.hr\/wp-content\/uploads\/2023\/01\/IKS-klizne-stijene-1000x600-1-768x461.jpg 768w\" sizes=\"(max-width: 800px) 100vw, 800px\" \/>\t\t\t\t\t\t\t\t\t\t\t\t\t\t\t<\/div>\n\t\t\t\t<\/div>\n\t\t\t\t\t<\/div>\n\t\t<\/div>\n\t\t\t\t<div class=\"elementor-column elementor-col-50 elementor-top-column elementor-element elementor-element-17e7a66 elementor-invisible\" data-id=\"17e7a66\" data-element_type=\"column\" data-settings=\"{&quot;background_background&quot;:&quot;classic&quot;,&quot;animation&quot;:&quot;slideInRight&quot;,&quot;animation_mobile&quot;:&quot;none&quot;}\">\n\t\t\t<div class=\"elementor-widget-wrap elementor-element-populated\">\n\t\t\t\t\t\t<div class=\"elementor-element elementor-element-c96f060 elementor-widget elementor-widget-heading\" data-id=\"c96f060\" data-element_type=\"widget\" data-widget_type=\"heading.default\">\n\t\t\t\t<div class=\"elementor-widget-container\">\n\t\t\t\t\t<h1 class=\"elementor-heading-title elementor-size-default\">SCHIEBET\u00dcREN<\/h1>\t\t\t\t<\/div>\n\t\t\t\t<\/div>\n\t\t\t\t<div class=\"elementor-element elementor-element-f43959a elementor-widget elementor-widget-text-editor\" data-id=\"f43959a\" data-element_type=\"widget\" data-widget_type=\"text-editor.default\">\n\t\t\t\t<div class=\"elementor-widget-container\">\n\t\t\t\t\t\t\t\t\t<p>Schiebet\u00fcren sind besonders geeignet, wenn Sie den Raum in Ihrem Zuhause optimal nutzen m\u00f6chten. Das \u00d6ffnungssystem ist n\u00e4mlich einfach und maximal funktional, da es jeden Zentimeter des genutzten Raums spart. Schiebet\u00fcren sind ideal als Panoramat\u00fcren, aber auch f\u00fcr die Verbindung von Innen- und Au\u00dfenbereichen, wie Balkonen, Terrassen oder G\u00e4rten. Das ist die gr\u00f6\u00dfte Qualit\u00e4t, die der Einbau von Schiebet\u00fcren mit sich bringt \u2013 sie trennen und verbinden, verschatten und \u00f6ffnen, schirmen ab oder lassen Licht in den Raum str\u00f6men.   <\/p>\n\t\t\t\t\t\t\t\t<\/div>\n\t\t\t\t<\/div>\n\t\t\t\t\t<\/div>\n\t\t<\/div>\n\t\t\t\t\t<\/div>\n\t\t<\/section>\n\t\t\t\t<section class=\"elementor-section elementor-top-section elementor-element elementor-element-3b49f34 elementor-section-height-min-height elementor-section-items-top elementor-section-boxed elementor-section-height-default\" data-id=\"3b49f34\" data-element_type=\"section\">\n\t\t\t\t\t\t\t<div class=\"elementor-background-overlay\"><\/div>\n\t\t\t\t\t\t\t<div class=\"elementor-container elementor-column-gap-default\">\n\t\t\t\t\t<div data-wts-url=\"https:\/\/iks-fenster.hr\/\/pvc-klizne-stijene\/otklopno-klizne\/\" data-wts-link=\"yes\" data-wts-new-window=\"\" class=\"elementor-column elementor-col-33 elementor-top-column elementor-element elementor-element-1a09119 ae-link-yes\" data-id=\"1a09119\" data-element_type=\"column\" data-settings=\"{&quot;background_background&quot;:&quot;classic&quot;}\">\n\t\t\t<div class=\"elementor-widget-wrap elementor-element-populated\">\n\t\t\t\t\t<div class=\"elementor-background-overlay\"><\/div>\n\t\t\t\t\t\t<div class=\"elementor-element elementor-element-8c943d6 elementor-widget elementor-widget-image\" data-id=\"8c943d6\" data-element_type=\"widget\" data-widget_type=\"image.default\">\n\t\t\t\t<div class=\"elementor-widget-container\">\n\t\t\t\t\t\t\t\t\t\t\t\t\t\t\t<img decoding=\"async\" width=\"800\" height=\"480\" src=\"https:\/\/www.iks-fenster.hr\/wp-content\/uploads\/2023\/03\/IKS-klizne-stijene01.jpg\" class=\"attachment-large size-large wp-image-4888\" alt=\"\" srcset=\"https:\/\/www.iks-fenster.hr\/wp-content\/uploads\/2023\/03\/IKS-klizne-stijene01.jpg 1000w, https:\/\/www.iks-fenster.hr\/wp-content\/uploads\/2023\/03\/IKS-klizne-stijene01-300x180.jpg 300w, https:\/\/www.iks-fenster.hr\/wp-content\/uploads\/2023\/03\/IKS-klizne-stijene01-768x461.jpg 768w\" sizes=\"(max-width: 800px) 100vw, 800px\" \/>\t\t\t\t\t\t\t\t\t\t\t\t\t\t\t<\/div>\n\t\t\t\t<\/div>\n\t\t\t\t<div class=\"elementor-element elementor-element-ddae909 elementor-widget elementor-widget-heading\" data-id=\"ddae909\" data-element_type=\"widget\" data-widget_type=\"heading.default\">\n\t\t\t\t<div class=\"elementor-widget-container\">\n\t\t\t\t\t<h2 class=\"elementor-heading-title elementor-size-default\">ABSTELL-SCHIEBET\u00dcREN<\/h2>\t\t\t\t<\/div>\n\t\t\t\t<\/div>\n\t\t\t\t<div class=\"elementor-element elementor-element-dfd9351 elementor-widget elementor-widget-text-editor\" data-id=\"dfd9351\" data-element_type=\"widget\" data-widget_type=\"text-editor.default\">\n\t\t\t\t<div class=\"elementor-widget-container\">\n\t\t\t\t\t\t\t\t\t<p>Die Abstell-Schiebet\u00fcren von IKS Fenster sind ideal f\u00fcr enge und kleine R\u00e4ume, die optimal genutzt werden sollen. Sie \u00f6ffnen sich innerhalb der Wanddicke, was bedeutet, dass sie nur wenig Platz im Raum einnehmen. Ihre gr\u00f6\u00dferen Glasfl\u00e4chen sorgen f\u00fcr eine besonders angenehme Atmosph\u00e4re, und das \u00e4sthetische Erscheinungsbild unterscheidet sich nicht von den anderen Fenstern im Haus.  <\/p>\n\t\t\t\t\t\t\t\t<\/div>\n\t\t\t\t<\/div>\n\t\t\t\t<div class=\"elementor-element elementor-element-655ac9c elementor-widget elementor-widget-button\" data-id=\"655ac9c\" data-element_type=\"widget\" data-widget_type=\"button.default\">\n\t\t\t\t<div class=\"elementor-widget-container\">\n\t\t\t\t\t\t\t\t\t<div class=\"elementor-button-wrapper\">\n\t\t\t\t\t<a class=\"elementor-button elementor-button-link elementor-size-sm\" href=\"https:\/\/iks-fenster.hr\/pvc-klizne-stijene\/otklopno-klizne\/\">\n\t\t\t\t\t\t<span class=\"elementor-button-content-wrapper\">\n\t\t\t\t\t\t\t\t\t<span class=\"elementor-button-text\">Erfahren Sie mehr<\/span>\n\t\t\t\t\t<\/span>\n\t\t\t\t\t<\/a>\n\t\t\t\t<\/div>\n\t\t\t\t\t\t\t\t<\/div>\n\t\t\t\t<\/div>\n\t\t\t\t\t<\/div>\n\t\t<\/div>\n\t\t\t\t<div data-wts-url=\"https:\/\/iks-fenster.hr\/\/pvc-klizne-stijene\/smoovio-klizni-sustav\/\" data-wts-link=\"yes\" data-wts-new-window=\"\" class=\"elementor-column elementor-col-33 elementor-top-column elementor-element elementor-element-3425328 ae-link-yes\" data-id=\"3425328\" data-element_type=\"column\" data-settings=\"{&quot;background_background&quot;:&quot;classic&quot;}\">\n\t\t\t<div class=\"elementor-widget-wrap elementor-element-populated\">\n\t\t\t\t\t<div class=\"elementor-background-overlay\"><\/div>\n\t\t\t\t\t\t<div class=\"elementor-element elementor-element-f9e73cf elementor-widget elementor-widget-image\" data-id=\"f9e73cf\" data-element_type=\"widget\" data-widget_type=\"image.default\">\n\t\t\t\t<div class=\"elementor-widget-container\">\n\t\t\t\t\t\t\t\t\t\t\t\t\t\t\t<img decoding=\"async\" width=\"800\" height=\"480\" src=\"https:\/\/www.iks-fenster.hr\/wp-content\/uploads\/2023\/03\/IKS-klizne-stijene03.jpg\" class=\"attachment-large size-large wp-image-4890\" alt=\"\" srcset=\"https:\/\/www.iks-fenster.hr\/wp-content\/uploads\/2023\/03\/IKS-klizne-stijene03.jpg 1000w, https:\/\/www.iks-fenster.hr\/wp-content\/uploads\/2023\/03\/IKS-klizne-stijene03-300x180.jpg 300w, https:\/\/www.iks-fenster.hr\/wp-content\/uploads\/2023\/03\/IKS-klizne-stijene03-768x461.jpg 768w\" sizes=\"(max-width: 800px) 100vw, 800px\" \/>\t\t\t\t\t\t\t\t\t\t\t\t\t\t\t<\/div>\n\t\t\t\t<\/div>\n\t\t\t\t<div class=\"elementor-element elementor-element-cd28ec1 elementor-widget elementor-widget-heading\" data-id=\"cd28ec1\" data-element_type=\"widget\" data-widget_type=\"heading.default\">\n\t\t\t\t<div class=\"elementor-widget-container\">\n\t\t\t\t\t<h2 class=\"elementor-heading-title elementor-size-default\">SMOOVIO SYSTEM<\/h2>\t\t\t\t<\/div>\n\t\t\t\t<\/div>\n\t\t\t\t<div class=\"elementor-element elementor-element-efbbb9b elementor-widget elementor-widget-text-editor\" data-id=\"efbbb9b\" data-element_type=\"widget\" data-widget_type=\"text-editor.default\">\n\t\t\t\t<div class=\"elementor-widget-container\">\n\t\t\t\t\t\t\t\t\t<p>Das Smoovio-Schiebesystem kombiniert den Komfort von Schiebeelementen bei der optimalen Raumnutzung mit hervorragenden D\u00e4mmungseigenschaften. Die Kombination aus neu entwickelten Beschl\u00e4gen, innovativer Profilgeometrie und optimaler Dichtung schafft eine einzigartige Harmonie von Schiebeelementen. Sie bieten au\u00dfergew\u00f6hnliches Potenzial bei der Gestaltung eines offenen und effizient genutzten Wohnraums.  <\/p>\n\t\t\t\t\t\t\t\t<\/div>\n\t\t\t\t<\/div>\n\t\t\t\t<div class=\"elementor-element elementor-element-2b409c7 elementor-widget elementor-widget-button\" data-id=\"2b409c7\" data-element_type=\"widget\" data-widget_type=\"button.default\">\n\t\t\t\t<div class=\"elementor-widget-container\">\n\t\t\t\t\t\t\t\t\t<div class=\"elementor-button-wrapper\">\n\t\t\t\t\t<a class=\"elementor-button elementor-button-link elementor-size-sm\" href=\"https:\/\/iks-fenster.hr\/pvc-klizne-stijene\/smoovio-klizni-sustav\/\">\n\t\t\t\t\t\t<span class=\"elementor-button-content-wrapper\">\n\t\t\t\t\t\t\t\t\t<span class=\"elementor-button-text\">Erfahren Sie mehr<\/span>\n\t\t\t\t\t<\/span>\n\t\t\t\t\t<\/a>\n\t\t\t\t<\/div>\n\t\t\t\t\t\t\t\t<\/div>\n\t\t\t\t<\/div>\n\t\t\t\t\t<\/div>\n\t\t<\/div>\n\t\t\t\t<div data-wts-url=\"https:\/\/iks-fenster.hr\/\/pvc-klizne-stijene\/podizno-klizne\/\" data-wts-link=\"yes\" data-wts-new-window=\"\" class=\"elementor-column elementor-col-33 elementor-top-column elementor-element elementor-element-001920b ae-link-yes\" data-id=\"001920b\" data-element_type=\"column\" data-settings=\"{&quot;background_background&quot;:&quot;classic&quot;}\">\n\t\t\t<div class=\"elementor-widget-wrap elementor-element-populated\">\n\t\t\t\t\t<div class=\"elementor-background-overlay\"><\/div>\n\t\t\t\t\t\t<div class=\"elementor-element elementor-element-6bf01a3 elementor-widget elementor-widget-image\" data-id=\"6bf01a3\" data-element_type=\"widget\" data-widget_type=\"image.default\">\n\t\t\t\t<div class=\"elementor-widget-container\">\n\t\t\t\t\t\t\t\t\t\t\t\t\t\t\t<img loading=\"lazy\" decoding=\"async\" width=\"800\" height=\"480\" src=\"https:\/\/www.iks-fenster.hr\/wp-content\/uploads\/2023\/03\/IKS-klizne-stijene02.jpg\" class=\"attachment-large size-large wp-image-4889\" alt=\"\" srcset=\"https:\/\/www.iks-fenster.hr\/wp-content\/uploads\/2023\/03\/IKS-klizne-stijene02.jpg 1000w, https:\/\/www.iks-fenster.hr\/wp-content\/uploads\/2023\/03\/IKS-klizne-stijene02-300x180.jpg 300w, https:\/\/www.iks-fenster.hr\/wp-content\/uploads\/2023\/03\/IKS-klizne-stijene02-768x461.jpg 768w\" sizes=\"(max-width: 800px) 100vw, 800px\" \/>\t\t\t\t\t\t\t\t\t\t\t\t\t\t\t<\/div>\n\t\t\t\t<\/div>\n\t\t\t\t<div class=\"elementor-element elementor-element-656fc41 elementor-widget elementor-widget-heading\" data-id=\"656fc41\" data-element_type=\"widget\" data-widget_type=\"heading.default\">\n\t\t\t\t<div class=\"elementor-widget-container\">\n\t\t\t\t\t<h2 class=\"elementor-heading-title elementor-size-default\">HEBESCHIEBET\u00dcREN<\/h2>\t\t\t\t<\/div>\n\t\t\t\t<\/div>\n\t\t\t\t<div class=\"elementor-element elementor-element-804a951 elementor-widget elementor-widget-text-editor\" data-id=\"804a951\" data-element_type=\"widget\" data-widget_type=\"text-editor.default\">\n\t\t\t\t<div class=\"elementor-widget-container\">\n\t\t\t\t\t\t\t\t\t<p>Mit unserer Hebeschiebetechnologie lassen sich problemlos Elemente in gro\u00dfen Dimensionen herstellen. Der nahezu unsichtbare Bodenschwellenanschluss macht die Trennung von Innen- und Au\u00dfenbereichen fast unmerklich. Bei der neuen L\u00f6sung wurde die Ansichtsbreite des festen Teils um mehr als 50 % im Vergleich zu einem klassischen Hebeschiebesystem reduziert.  <\/p>\n\t\t\t\t\t\t\t\t<\/div>\n\t\t\t\t<\/div>\n\t\t\t\t<div class=\"elementor-element elementor-element-e2b057a elementor-widget elementor-widget-button\" data-id=\"e2b057a\" data-element_type=\"widget\" data-widget_type=\"button.default\">\n\t\t\t\t<div class=\"elementor-widget-container\">\n\t\t\t\t\t\t\t\t\t<div class=\"elementor-button-wrapper\">\n\t\t\t\t\t<a class=\"elementor-button elementor-button-link elementor-size-sm\" href=\"https:\/\/iks-fenster.hr\/pvc-klizne-stijene\/podizno-klizne\/\">\n\t\t\t\t\t\t<span class=\"elementor-button-content-wrapper\">\n\t\t\t\t\t\t\t\t\t<span class=\"elementor-button-text\">Erfahren Sie mehr<\/span>\n\t\t\t\t\t<\/span>\n\t\t\t\t\t<\/a>\n\t\t\t\t<\/div>\n\t\t\t\t\t\t\t\t<\/div>\n\t\t\t\t<\/div>\n\t\t\t\t\t<\/div>\n\t\t<\/div>\n\t\t\t\t\t<\/div>\n\t\t<\/section>\n\t\t\t\t<section class=\"elementor-section elementor-top-section elementor-element elementor-element-e5833bf elementor-section-full_width elementor-section-height-default elementor-section-height-default\" data-id=\"e5833bf\" data-element_type=\"section\">\n\t\t\t\t\t\t<div class=\"elementor-container elementor-column-gap-default\">\n\t\t\t\t\t\t<\/div>\n\t\t<\/section>\n\t\t\t\t<\/div>\n\t\t","protected":false},"excerpt":{"rendered":"<p>SCHIEBET\u00dcREN Schiebet\u00fcren sind besonders geeignet, wenn Sie den Raum in Ihrem Zuhause optimal nutzen m\u00f6chten. Das \u00d6ffnungssystem ist n\u00e4mlich einfach und maximal funktional, da es jeden Zentimeter des genutzten Raums spart. Schiebet\u00fcren sind ideal als Panoramat\u00fcren, aber auch f\u00fcr die Verbindung von Innen- und Au\u00dfenbereichen, wie Balkonen, Terrassen oder G\u00e4rten. Das ist die gr\u00f6\u00dfte Qualit\u00e4t, [&hellip;]<\/p>\n","protected":false},"author":1,"featured_media":0,"parent":0,"menu_order":0,"comment_status":"closed","ping_status":"closed","template":"","meta":{"_acf_changed":false,"footnotes":""},"class_list":["post-5301","page","type-page","status-publish","hentry"],"acf":[],"yoast_head":"<!-- This site is optimized with the Yoast SEO plugin v26.7 - https:\/\/yoast.com\/wordpress\/plugins\/seo\/ -->\n<title>PVC Schiebet\u00fcren - IKS Fenster<\/title>\n<meta name=\"description\" content=\"Schiebet\u00fcren sind besonders geeignet, wenn Sie den Raum in Ihrem Zuhause optimal nutzen m\u00f6chten. Das \u00d6ffnungssystem ist einfach und \u00e4u\u00dferst funktional.\" \/>\n<meta name=\"robots\" content=\"index, follow, max-snippet:-1, max-image-preview:large, max-video-preview:-1\" \/>\n<link rel=\"canonical\" href=\"https:\/\/www.iks-fenster.hr\/de\/pvc-schiebetueren\/\" \/>\n<meta property=\"og:locale\" content=\"de_DE\" \/>\n<meta property=\"og:type\" content=\"article\" \/>\n<meta property=\"og:title\" content=\"PVC Schiebet\u00fcren - IKS Fenster\" \/>\n<meta property=\"og:description\" content=\"Schiebet\u00fcren sind besonders geeignet, wenn Sie den Raum in Ihrem Zuhause optimal nutzen m\u00f6chten. Das \u00d6ffnungssystem ist einfach und \u00e4u\u00dferst funktional.\" \/>\n<meta property=\"og:url\" content=\"https:\/\/www.iks-fenster.hr\/de\/pvc-schiebetueren\/\" \/>\n<meta property=\"og:site_name\" content=\"IKS Fenster\" \/>\n<meta property=\"article:modified_time\" content=\"2024-09-11T13:49:31+00:00\" \/>\n<meta property=\"og:image\" content=\"https:\/\/www.iks-fenster.hr\/wp-content\/uploads\/2023\/01\/IKS-klizne-stijene-1000x600-1.jpg\" \/>\n<meta name=\"twitter:card\" content=\"summary_large_image\" \/>\n<meta name=\"twitter:label1\" content=\"Gesch\u00e4tzte Lesezeit\" \/>\n\t<meta name=\"twitter:data1\" content=\"1\u00a0Minute\" \/>\n<script type=\"application\/ld+json\" class=\"yoast-schema-graph\">{\"@context\":\"https:\/\/schema.org\",\"@graph\":[{\"@type\":\"WebPage\",\"@id\":\"https:\/\/www.iks-fenster.hr\/de\/pvc-schiebetueren\/\",\"url\":\"https:\/\/www.iks-fenster.hr\/de\/pvc-schiebetueren\/\",\"name\":\"PVC Schiebet\u00fcren - IKS Fenster\",\"isPartOf\":{\"@id\":\"https:\/\/www.iks-fenster.hr\/de\/#website\"},\"primaryImageOfPage\":{\"@id\":\"https:\/\/www.iks-fenster.hr\/de\/pvc-schiebetueren\/#primaryimage\"},\"image\":{\"@id\":\"https:\/\/www.iks-fenster.hr\/de\/pvc-schiebetueren\/#primaryimage\"},\"thumbnailUrl\":\"https:\/\/www.iks-fenster.hr\/wp-content\/uploads\/2023\/01\/IKS-klizne-stijene-1000x600-1.jpg\",\"datePublished\":\"2023-03-01T13:49:54+00:00\",\"dateModified\":\"2024-09-11T13:49:31+00:00\",\"description\":\"Schiebet\u00fcren sind besonders geeignet, wenn Sie den Raum in Ihrem Zuhause optimal nutzen m\u00f6chten. Das \u00d6ffnungssystem ist einfach und \u00e4u\u00dferst funktional.\",\"breadcrumb\":{\"@id\":\"https:\/\/www.iks-fenster.hr\/de\/pvc-schiebetueren\/#breadcrumb\"},\"inLanguage\":\"de\",\"potentialAction\":[{\"@type\":\"ReadAction\",\"target\":[\"https:\/\/www.iks-fenster.hr\/de\/pvc-schiebetueren\/\"]}]},{\"@type\":\"ImageObject\",\"inLanguage\":\"de\",\"@id\":\"https:\/\/www.iks-fenster.hr\/de\/pvc-schiebetueren\/#primaryimage\",\"url\":\"https:\/\/www.iks-fenster.hr\/wp-content\/uploads\/2023\/01\/IKS-klizne-stijene-1000x600-1.jpg\",\"contentUrl\":\"https:\/\/www.iks-fenster.hr\/wp-content\/uploads\/2023\/01\/IKS-klizne-stijene-1000x600-1.jpg\"},{\"@type\":\"BreadcrumbList\",\"@id\":\"https:\/\/www.iks-fenster.hr\/de\/pvc-schiebetueren\/#breadcrumb\",\"itemListElement\":[{\"@type\":\"ListItem\",\"position\":1,\"name\":\"Home\",\"item\":\"https:\/\/www.iks-fenster.hr\/de\/startseite\/\"},{\"@type\":\"ListItem\",\"position\":2,\"name\":\"PVC Schiebet\u00fcren\"}]},{\"@type\":\"WebSite\",\"@id\":\"https:\/\/www.iks-fenster.hr\/de\/#website\",\"url\":\"https:\/\/www.iks-fenster.hr\/de\/\",\"name\":\"IKS Fenster\",\"description\":\"\",\"publisher\":{\"@id\":\"https:\/\/www.iks-fenster.hr\/de\/#organization\"},\"potentialAction\":[{\"@type\":\"SearchAction\",\"target\":{\"@type\":\"EntryPoint\",\"urlTemplate\":\"https:\/\/www.iks-fenster.hr\/de\/?s={search_term_string}\"},\"query-input\":{\"@type\":\"PropertyValueSpecification\",\"valueRequired\":true,\"valueName\":\"search_term_string\"}}],\"inLanguage\":\"de\"},{\"@type\":\"Organization\",\"@id\":\"https:\/\/www.iks-fenster.hr\/de\/#organization\",\"name\":\"IKS Fenster\",\"url\":\"https:\/\/www.iks-fenster.hr\/de\/\",\"logo\":{\"@type\":\"ImageObject\",\"inLanguage\":\"de\",\"@id\":\"https:\/\/www.iks-fenster.hr\/de\/#\/schema\/logo\/image\/\",\"url\":\"https:\/\/iks-fenster.hr\/wp-content\/uploads\/2021\/03\/IKS-Fenster-Logo.png\",\"contentUrl\":\"https:\/\/iks-fenster.hr\/wp-content\/uploads\/2021\/03\/IKS-Fenster-Logo.png\",\"width\":612,\"height\":236,\"caption\":\"IKS Fenster\"},\"image\":{\"@id\":\"https:\/\/www.iks-fenster.hr\/de\/#\/schema\/logo\/image\/\"}}]}<\/script>\n<!-- \/ Yoast SEO plugin. -->","yoast_head_json":{"title":"PVC Schiebet\u00fcren - IKS Fenster","description":"Schiebet\u00fcren sind besonders geeignet, wenn Sie den Raum in Ihrem Zuhause optimal nutzen m\u00f6chten. Das \u00d6ffnungssystem ist einfach und \u00e4u\u00dferst funktional.","robots":{"index":"index","follow":"follow","max-snippet":"max-snippet:-1","max-image-preview":"max-image-preview:large","max-video-preview":"max-video-preview:-1"},"canonical":"https:\/\/www.iks-fenster.hr\/de\/pvc-schiebetueren\/","og_locale":"de_DE","og_type":"article","og_title":"PVC Schiebet\u00fcren - IKS Fenster","og_description":"Schiebet\u00fcren sind besonders geeignet, wenn Sie den Raum in Ihrem Zuhause optimal nutzen m\u00f6chten. Das \u00d6ffnungssystem ist einfach und \u00e4u\u00dferst funktional.","og_url":"https:\/\/www.iks-fenster.hr\/de\/pvc-schiebetueren\/","og_site_name":"IKS Fenster","article_modified_time":"2024-09-11T13:49:31+00:00","og_image":[{"url":"https:\/\/www.iks-fenster.hr\/wp-content\/uploads\/2023\/01\/IKS-klizne-stijene-1000x600-1.jpg","type":"","width":"","height":""}],"twitter_card":"summary_large_image","twitter_misc":{"Gesch\u00e4tzte Lesezeit":"1\u00a0Minute"},"schema":{"@context":"https:\/\/schema.org","@graph":[{"@type":"WebPage","@id":"https:\/\/www.iks-fenster.hr\/de\/pvc-schiebetueren\/","url":"https:\/\/www.iks-fenster.hr\/de\/pvc-schiebetueren\/","name":"PVC Schiebet\u00fcren - IKS Fenster","isPartOf":{"@id":"https:\/\/www.iks-fenster.hr\/de\/#website"},"primaryImageOfPage":{"@id":"https:\/\/www.iks-fenster.hr\/de\/pvc-schiebetueren\/#primaryimage"},"image":{"@id":"https:\/\/www.iks-fenster.hr\/de\/pvc-schiebetueren\/#primaryimage"},"thumbnailUrl":"https:\/\/www.iks-fenster.hr\/wp-content\/uploads\/2023\/01\/IKS-klizne-stijene-1000x600-1.jpg","datePublished":"2023-03-01T13:49:54+00:00","dateModified":"2024-09-11T13:49:31+00:00","description":"Schiebet\u00fcren sind besonders geeignet, wenn Sie den Raum in Ihrem Zuhause optimal nutzen m\u00f6chten. Das \u00d6ffnungssystem ist einfach und \u00e4u\u00dferst funktional.","breadcrumb":{"@id":"https:\/\/www.iks-fenster.hr\/de\/pvc-schiebetueren\/#breadcrumb"},"inLanguage":"de","potentialAction":[{"@type":"ReadAction","target":["https:\/\/www.iks-fenster.hr\/de\/pvc-schiebetueren\/"]}]},{"@type":"ImageObject","inLanguage":"de","@id":"https:\/\/www.iks-fenster.hr\/de\/pvc-schiebetueren\/#primaryimage","url":"https:\/\/www.iks-fenster.hr\/wp-content\/uploads\/2023\/01\/IKS-klizne-stijene-1000x600-1.jpg","contentUrl":"https:\/\/www.iks-fenster.hr\/wp-content\/uploads\/2023\/01\/IKS-klizne-stijene-1000x600-1.jpg"},{"@type":"BreadcrumbList","@id":"https:\/\/www.iks-fenster.hr\/de\/pvc-schiebetueren\/#breadcrumb","itemListElement":[{"@type":"ListItem","position":1,"name":"Home","item":"https:\/\/www.iks-fenster.hr\/de\/startseite\/"},{"@type":"ListItem","position":2,"name":"PVC Schiebet\u00fcren"}]},{"@type":"WebSite","@id":"https:\/\/www.iks-fenster.hr\/de\/#website","url":"https:\/\/www.iks-fenster.hr\/de\/","name":"IKS Fenster","description":"","publisher":{"@id":"https:\/\/www.iks-fenster.hr\/de\/#organization"},"potentialAction":[{"@type":"SearchAction","target":{"@type":"EntryPoint","urlTemplate":"https:\/\/www.iks-fenster.hr\/de\/?s={search_term_string}"},"query-input":{"@type":"PropertyValueSpecification","valueRequired":true,"valueName":"search_term_string"}}],"inLanguage":"de"},{"@type":"Organization","@id":"https:\/\/www.iks-fenster.hr\/de\/#organization","name":"IKS Fenster","url":"https:\/\/www.iks-fenster.hr\/de\/","logo":{"@type":"ImageObject","inLanguage":"de","@id":"https:\/\/www.iks-fenster.hr\/de\/#\/schema\/logo\/image\/","url":"https:\/\/iks-fenster.hr\/wp-content\/uploads\/2021\/03\/IKS-Fenster-Logo.png","contentUrl":"https:\/\/iks-fenster.hr\/wp-content\/uploads\/2021\/03\/IKS-Fenster-Logo.png","width":612,"height":236,"caption":"IKS Fenster"},"image":{"@id":"https:\/\/www.iks-fenster.hr\/de\/#\/schema\/logo\/image\/"}}]}},"_links":{"self":[{"href":"https:\/\/www.iks-fenster.hr\/de\/wp-json\/wp\/v2\/pages\/5301","targetHints":{"allow":["GET"]}}],"collection":[{"href":"https:\/\/www.iks-fenster.hr\/de\/wp-json\/wp\/v2\/pages"}],"about":[{"href":"https:\/\/www.iks-fenster.hr\/de\/wp-json\/wp\/v2\/types\/page"}],"author":[{"embeddable":true,"href":"https:\/\/www.iks-fenster.hr\/de\/wp-json\/wp\/v2\/users\/1"}],"replies":[{"embeddable":true,"href":"https:\/\/www.iks-fenster.hr\/de\/wp-json\/wp\/v2\/comments?post=5301"}],"version-history":[{"count":1,"href":"https:\/\/www.iks-fenster.hr\/de\/wp-json\/wp\/v2\/pages\/5301\/revisions"}],"predecessor-version":[{"id":5302,"href":"https:\/\/www.iks-fenster.hr\/de\/wp-json\/wp\/v2\/pages\/5301\/revisions\/5302"}],"wp:attachment":[{"href":"https:\/\/www.iks-fenster.hr\/de\/wp-json\/wp\/v2\/media?parent=5301"}],"curies":[{"name":"wp","href":"https:\/\/api.w.org\/{rel}","templated":true}]}}